{"id":9750,"date":"2026-01-16T17:12:08","date_gmt":"2026-01-16T16:12:08","guid":{"rendered":"https:\/\/www.klur.net\/wir-freuen-uns-sie-bald-begruessen-zu-duerfen\/"},"modified":"2026-02-27T12:22:37","modified_gmt":"2026-02-27T11:22:37","slug":"wir-freuen-uns-sie-bald-begruessen-zu-duerfen","status":"publish","type":"page","link":"https:\/\/www.klur.net\/de\/wir-freuen-uns-sie-bald-begruessen-zu-duerfen\/","title":{"rendered":"Wir freuen uns, Sie bald begr\u00fc\u00dfen zu d\u00fcrfen."},"content":{"rendered":"\t\t<div data-elementor-type=\"wp-page\" data-elementor-id=\"9750\" class=\"elementor elementor-9750 elementor-7833\" data-elementor-settings=\"{&quot;ha_cmc_init_switcher&quot;:&quot;no&quot;}\" data-elementor-post-type=\"page\">\n\t\t\t\t\t\t<section class=\"elementor-section elementor-top-section elementor-element elementor-element-0653db6 elementor-section-boxed elementor-section-gap-beside-yes elementor-section-height-default elementor-section-height-default elementor-section-column-vertical-align-stretch\" data-id=\"0653db6\" data-element_type=\"section\" data-e-type=\"section\" data-settings=\"{&quot;_ha_eqh_enable&quot;:false}\">\n\t\t\t\t\t\t<div class=\"elementor-container elementor-column-gap-extended\">\n\t\t\t\t\t<div class=\"elementor-column elementor-col-100 elementor-top-column elementor-element elementor-element-e390a42\" data-id=\"e390a42\" data-element_type=\"column\" data-e-type=\"column\">\n\t\t\t<div class=\"elementor-widget-wrap elementor-element-populated\">\n\t\t\t\t\t\t<div class=\"elementor-element elementor-element-9ca5335 elementor-widget elementor-widget-html\" data-id=\"9ca5335\" data-element_type=\"widget\" data-e-type=\"widget\" data-widget_type=\"html.default\">\n\t\t\t\t\t<iframe src=\"https:\/\/beds24.com\/booking2.php?propid=307506&amp;referer=iframe&amp;lang=de\" width=\"1200\" height=\"2000\" style=\"max-width:100%;border:none;overflow:auto;\"><\/iframe>\t\t\t\t<\/div>\n\t\t\t\t\t<\/div>\n\t\t<\/div>\n\t\t\t\t\t<\/div>\n\t\t<\/section>\n\t\t\t\t<\/div>\n\t\t","protected":false},"excerpt":{"rendered":"","protected":false},"author":1,"featured_media":9751,"parent":0,"menu_order":0,"comment_status":"closed","ping_status":"closed","template":"elementor_header_footer","meta":{"footnotes":""},"class_list":["post-9750","page","type-page","status-publish","has-post-thumbnail","hentry"],"yoast_head":"<!-- This site is optimized with the Yoast SEO plugin v27.1.1 - https:\/\/yoast.com\/product\/yoast-seo-wordpress\/ -->\n<title>Wir freuen uns, Sie bald begr\u00fc\u00dfen zu d\u00fcrfen. - Klur<\/title>\n<meta name=\"robots\" content=\"index, follow, max-snippet:-1, max-image-preview:large, max-video-preview:-1\" \/>\n<link rel=\"canonical\" href=\"https:\/\/www.klur.net\/de\/wir-freuen-uns-sie-bald-begruessen-zu-duerfen\/\" \/>\n<meta property=\"og:locale\" content=\"de_DE\" \/>\n<meta property=\"og:type\" content=\"article\" \/>\n<meta property=\"og:title\" content=\"Wir freuen uns, Sie bald begr\u00fc\u00dfen zu d\u00fcrfen. - Klur\" \/>\n<meta property=\"og:url\" content=\"https:\/\/www.klur.net\/de\/wir-freuen-uns-sie-bald-begruessen-zu-duerfen\/\" \/>\n<meta property=\"og:site_name\" content=\"Klur\" \/>\n<meta property=\"article:publisher\" content=\"https:\/\/www.facebook.com\/vignoble.klur\" \/>\n<meta property=\"article:modified_time\" content=\"2026-02-27T11:22:37+00:00\" \/>\n<meta property=\"og:image\" content=\"https:\/\/www.klur.net\/wp-content\/uploads\/2026\/02\/IMG_2229-copie-scaled.jpeg\" \/>\n\t<meta property=\"og:image:width\" content=\"2560\" \/>\n\t<meta property=\"og:image:height\" content=\"1356\" \/>\n\t<meta property=\"og:image:type\" content=\"image\/jpeg\" \/>\n<meta name=\"twitter:card\" content=\"summary_large_image\" \/>\n<script type=\"application\/ld+json\" class=\"yoast-schema-graph\">{\"@context\":\"https:\/\/schema.org\",\"@graph\":[{\"@type\":\"WebPage\",\"@id\":\"https:\/\/www.klur.net\/de\/wir-freuen-uns-sie-bald-begruessen-zu-duerfen\/\",\"url\":\"https:\/\/www.klur.net\/de\/wir-freuen-uns-sie-bald-begruessen-zu-duerfen\/\",\"name\":\"Wir freuen uns, Sie bald begr\u00fc\u00dfen zu d\u00fcrfen. - Klur\",\"isPartOf\":{\"@id\":\"https:\/\/www.klur.net\/de\/#website\"},\"primaryImageOfPage\":{\"@id\":\"https:\/\/www.klur.net\/de\/wir-freuen-uns-sie-bald-begruessen-zu-duerfen\/#primaryimage\"},\"image\":{\"@id\":\"https:\/\/www.klur.net\/de\/wir-freuen-uns-sie-bald-begruessen-zu-duerfen\/#primaryimage\"},\"thumbnailUrl\":\"https:\/\/www.klur.net\/wp-content\/uploads\/2026\/02\/IMG_2229-copie-scaled.jpeg\",\"datePublished\":\"2026-01-16T16:12:08+00:00\",\"dateModified\":\"2026-02-27T11:22:37+00:00\",\"breadcrumb\":{\"@id\":\"https:\/\/www.klur.net\/de\/wir-freuen-uns-sie-bald-begruessen-zu-duerfen\/#breadcrumb\"},\"inLanguage\":\"de\",\"potentialAction\":[{\"@type\":\"ReadAction\",\"target\":[\"https:\/\/www.klur.net\/de\/wir-freuen-uns-sie-bald-begruessen-zu-duerfen\/\"]}]},{\"@type\":\"ImageObject\",\"inLanguage\":\"de\",\"@id\":\"https:\/\/www.klur.net\/de\/wir-freuen-uns-sie-bald-begruessen-zu-duerfen\/#primaryimage\",\"url\":\"https:\/\/www.klur.net\/wp-content\/uploads\/2026\/02\/IMG_2229-copie-scaled.jpeg\",\"contentUrl\":\"https:\/\/www.klur.net\/wp-content\/uploads\/2026\/02\/IMG_2229-copie-scaled.jpeg\",\"width\":2560,\"height\":1356,\"caption\":\"Naturpool in Katzenthal R\u00e9sidence Vigneronne Klur\"},{\"@type\":\"BreadcrumbList\",\"@id\":\"https:\/\/www.klur.net\/de\/wir-freuen-uns-sie-bald-begruessen-zu-duerfen\/#breadcrumb\",\"itemListElement\":[{\"@type\":\"ListItem\",\"position\":1,\"name\":\"Accueil\",\"item\":\"https:\/\/www.klur.net\/de\/\"},{\"@type\":\"ListItem\",\"position\":2,\"name\":\"Wir freuen uns, Sie bald begr\u00fc\u00dfen zu d\u00fcrfen.\"}]},{\"@type\":\"WebSite\",\"@id\":\"https:\/\/www.klur.net\/de\/#website\",\"url\":\"https:\/\/www.klur.net\/de\/\",\"name\":\"Klur\",\"description\":\"R\u00e9sidence vigneronne\",\"publisher\":{\"@id\":\"https:\/\/www.klur.net\/de\/#organization\"},\"potentialAction\":[{\"@type\":\"SearchAction\",\"target\":{\"@type\":\"EntryPoint\",\"urlTemplate\":\"https:\/\/www.klur.net\/de\/?s={search_term_string}\"},\"query-input\":{\"@type\":\"PropertyValueSpecification\",\"valueRequired\":true,\"valueName\":\"search_term_string\"}}],\"inLanguage\":\"de\"},{\"@type\":\"Organization\",\"@id\":\"https:\/\/www.klur.net\/de\/#organization\",\"name\":\"Klur\",\"url\":\"https:\/\/www.klur.net\/de\/\",\"logo\":{\"@type\":\"ImageObject\",\"inLanguage\":\"de\",\"@id\":\"https:\/\/www.klur.net\/de\/#\/schema\/logo\/image\/\",\"url\":\"https:\/\/www.klur.net\/wp-content\/uploads\/2025\/12\/logo-2026-500px.png\",\"contentUrl\":\"https:\/\/www.klur.net\/wp-content\/uploads\/2025\/12\/logo-2026-500px.png\",\"width\":500,\"height\":269,\"caption\":\"Klur\"},\"image\":{\"@id\":\"https:\/\/www.klur.net\/de\/#\/schema\/logo\/image\/\"},\"sameAs\":[\"https:\/\/www.facebook.com\/vignoble.klur\",\"https:\/\/www.instagram.com\/vignobleklur\/\"]}]}<\/script>\n<!-- \/ Yoast SEO plugin. -->","yoast_head_json":{"title":"Wir freuen uns, Sie bald begr\u00fc\u00dfen zu d\u00fcrfen. - Klur","robots":{"index":"index","follow":"follow","max-snippet":"max-snippet:-1","max-image-preview":"max-image-preview:large","max-video-preview":"max-video-preview:-1"},"canonical":"https:\/\/www.klur.net\/de\/wir-freuen-uns-sie-bald-begruessen-zu-duerfen\/","og_locale":"de_DE","og_type":"article","og_title":"Wir freuen uns, Sie bald begr\u00fc\u00dfen zu d\u00fcrfen. - Klur","og_url":"https:\/\/www.klur.net\/de\/wir-freuen-uns-sie-bald-begruessen-zu-duerfen\/","og_site_name":"Klur","article_publisher":"https:\/\/www.facebook.com\/vignoble.klur","article_modified_time":"2026-02-27T11:22:37+00:00","og_image":[{"width":2560,"height":1356,"url":"https:\/\/www.klur.net\/wp-content\/uploads\/2026\/02\/IMG_2229-copie-scaled.jpeg","type":"image\/jpeg"}],"twitter_card":"summary_large_image","schema":{"@context":"https:\/\/schema.org","@graph":[{"@type":"WebPage","@id":"https:\/\/www.klur.net\/de\/wir-freuen-uns-sie-bald-begruessen-zu-duerfen\/","url":"https:\/\/www.klur.net\/de\/wir-freuen-uns-sie-bald-begruessen-zu-duerfen\/","name":"Wir freuen uns, Sie bald begr\u00fc\u00dfen zu d\u00fcrfen. - Klur","isPartOf":{"@id":"https:\/\/www.klur.net\/de\/#website"},"primaryImageOfPage":{"@id":"https:\/\/www.klur.net\/de\/wir-freuen-uns-sie-bald-begruessen-zu-duerfen\/#primaryimage"},"image":{"@id":"https:\/\/www.klur.net\/de\/wir-freuen-uns-sie-bald-begruessen-zu-duerfen\/#primaryimage"},"thumbnailUrl":"https:\/\/www.klur.net\/wp-content\/uploads\/2026\/02\/IMG_2229-copie-scaled.jpeg","datePublished":"2026-01-16T16:12:08+00:00","dateModified":"2026-02-27T11:22:37+00:00","breadcrumb":{"@id":"https:\/\/www.klur.net\/de\/wir-freuen-uns-sie-bald-begruessen-zu-duerfen\/#breadcrumb"},"inLanguage":"de","potentialAction":[{"@type":"ReadAction","target":["https:\/\/www.klur.net\/de\/wir-freuen-uns-sie-bald-begruessen-zu-duerfen\/"]}]},{"@type":"ImageObject","inLanguage":"de","@id":"https:\/\/www.klur.net\/de\/wir-freuen-uns-sie-bald-begruessen-zu-duerfen\/#primaryimage","url":"https:\/\/www.klur.net\/wp-content\/uploads\/2026\/02\/IMG_2229-copie-scaled.jpeg","contentUrl":"https:\/\/www.klur.net\/wp-content\/uploads\/2026\/02\/IMG_2229-copie-scaled.jpeg","width":2560,"height":1356,"caption":"Naturpool in Katzenthal R\u00e9sidence Vigneronne Klur"},{"@type":"BreadcrumbList","@id":"https:\/\/www.klur.net\/de\/wir-freuen-uns-sie-bald-begruessen-zu-duerfen\/#breadcrumb","itemListElement":[{"@type":"ListItem","position":1,"name":"Accueil","item":"https:\/\/www.klur.net\/de\/"},{"@type":"ListItem","position":2,"name":"Wir freuen uns, Sie bald begr\u00fc\u00dfen zu d\u00fcrfen."}]},{"@type":"WebSite","@id":"https:\/\/www.klur.net\/de\/#website","url":"https:\/\/www.klur.net\/de\/","name":"Klur","description":"R\u00e9sidence vigneronne","publisher":{"@id":"https:\/\/www.klur.net\/de\/#organization"},"potentialAction":[{"@type":"SearchAction","target":{"@type":"EntryPoint","urlTemplate":"https:\/\/www.klur.net\/de\/?s={search_term_string}"},"query-input":{"@type":"PropertyValueSpecification","valueRequired":true,"valueName":"search_term_string"}}],"inLanguage":"de"},{"@type":"Organization","@id":"https:\/\/www.klur.net\/de\/#organization","name":"Klur","url":"https:\/\/www.klur.net\/de\/","logo":{"@type":"ImageObject","inLanguage":"de","@id":"https:\/\/www.klur.net\/de\/#\/schema\/logo\/image\/","url":"https:\/\/www.klur.net\/wp-content\/uploads\/2025\/12\/logo-2026-500px.png","contentUrl":"https:\/\/www.klur.net\/wp-content\/uploads\/2025\/12\/logo-2026-500px.png","width":500,"height":269,"caption":"Klur"},"image":{"@id":"https:\/\/www.klur.net\/de\/#\/schema\/logo\/image\/"},"sameAs":["https:\/\/www.facebook.com\/vignoble.klur","https:\/\/www.instagram.com\/vignobleklur\/"]}]}},"_links":{"self":[{"href":"https:\/\/www.klur.net\/de\/wp-json\/wp\/v2\/pages\/9750","targetHints":{"allow":["GET"]}}],"collection":[{"href":"https:\/\/www.klur.net\/de\/wp-json\/wp\/v2\/pages"}],"about":[{"href":"https:\/\/www.klur.net\/de\/wp-json\/wp\/v2\/types\/page"}],"author":[{"embeddable":true,"href":"https:\/\/www.klur.net\/de\/wp-json\/wp\/v2\/users\/1"}],"replies":[{"embeddable":true,"href":"https:\/\/www.klur.net\/de\/wp-json\/wp\/v2\/comments?post=9750"}],"version-history":[{"count":15,"href":"https:\/\/www.klur.net\/de\/wp-json\/wp\/v2\/pages\/9750\/revisions"}],"predecessor-version":[{"id":10805,"href":"https:\/\/www.klur.net\/de\/wp-json\/wp\/v2\/pages\/9750\/revisions\/10805"}],"wp:featuredmedia":[{"embeddable":true,"href":"https:\/\/www.klur.net\/de\/wp-json\/wp\/v2\/media\/9751"}],"wp:attachment":[{"href":"https:\/\/www.klur.net\/de\/wp-json\/wp\/v2\/media?parent=9750"}],"curies":[{"name":"wp","href":"https:\/\/api.w.org\/{rel}","templated":true}]}}