{"id":9734,"date":"2026-02-18T00:39:11","date_gmt":"2026-02-17T23:39:11","guid":{"rendered":"https:\/\/www.klur.net\/wir-freuen-uns-sie-bald-bei-cote-vignes-begruessen-zu-duerfen\/"},"modified":"2026-02-27T01:33:51","modified_gmt":"2026-02-27T00:33:51","slug":"wir-freuen-uns-sie-bald-bei-cote-vignes-begruessen-zu-duerfen","status":"publish","type":"page","link":"https:\/\/www.klur.net\/de\/wir-freuen-uns-sie-bald-bei-cote-vignes-begruessen-zu-duerfen\/","title":{"rendered":"Wir freuen uns, Sie bald bei Cot\u00e9 Vignes begr\u00fc\u00dfen zu d\u00fcrfen."},"content":{"rendered":"\t\t<div data-elementor-type=\"wp-page\" data-elementor-id=\"9734\" class=\"elementor elementor-9734 elementor-9217\" data-elementor-settings=\"{&quot;ha_cmc_init_switcher&quot;:&quot;no&quot;}\" data-elementor-post-type=\"page\">\n\t\t\t\t\t\t<section class=\"elementor-section elementor-top-section elementor-element elementor-element-870f456 elementor-section-boxed elementor-section-gap-beside-yes elementor-section-height-default elementor-section-height-default elementor-section-column-vertical-align-stretch\" data-id=\"870f456\" data-element_type=\"section\" data-e-type=\"section\" data-settings=\"{&quot;_ha_eqh_enable&quot;:false}\">\n\t\t\t\t\t\t<div class=\"elementor-container elementor-column-gap-extended\">\n\t\t\t\t\t<div class=\"elementor-column elementor-col-100 elementor-top-column elementor-element elementor-element-e6495f0\" data-id=\"e6495f0\" data-element_type=\"column\" data-e-type=\"column\">\n\t\t\t<div class=\"elementor-widget-wrap elementor-element-populated\">\n\t\t\t\t\t\t<div class=\"elementor-element elementor-element-eabea4e elementor-widget elementor-widget-html\" data-id=\"eabea4e\" data-element_type=\"widget\" data-e-type=\"widget\" data-widget_type=\"html.default\">\n\t\t\t\t\t<iframe onload=\"window.parent.parent.scrollTo(0,0)\" src=\"https:\/\/www.beds24.com\/booking2.php?1&amp;ownerid=57574&amp;propid=307506&amp;roomid=640836&amp;referer=iframe1&amp;layout=4&amp;hideheader=1&amp;target=iframe&amp;lang=de\" width=\"1200\" height=\"1200\" style=\"max-width:100%;border:none;overflow:auto;\"><\/iframe>\t\t\t\t<\/div>\n\t\t\t\t\t<\/div>\n\t\t<\/div>\n\t\t\t\t\t<\/div>\n\t\t<\/section>\n\t\t<div class=\"elementor-element elementor-element-e1c0458 e-flex e-con-boxed e-con e-parent\" data-id=\"e1c0458\" data-element_type=\"container\" data-e-type=\"container\" data-settings=\"{&quot;_ha_eqh_enable&quot;:false}\">\n\t\t\t\t\t<div class=\"e-con-inner\">\n\t\t\t\t\t<\/div>\n\t\t\t\t<\/div>\n\t\t\t\t<\/div>\n\t\t","protected":false},"excerpt":{"rendered":"","protected":false},"author":1,"featured_media":0,"parent":0,"menu_order":0,"comment_status":"closed","ping_status":"closed","template":"elementor_header_footer","meta":{"footnotes":""},"class_list":["post-9734","page","type-page","status-publish","hentry","post-no-thumbnail"],"yoast_head":"<!-- This site is optimized with the Yoast SEO plugin v27.1.1 - https:\/\/yoast.com\/product\/yoast-seo-wordpress\/ -->\n<title>Wir freuen uns, Sie bald bei Cot\u00e9 Vignes begr\u00fc\u00dfen zu d\u00fcrfen. - Klur<\/title>\n<meta name=\"robots\" content=\"index, follow, max-snippet:-1, max-image-preview:large, max-video-preview:-1\" \/>\n<link rel=\"canonical\" href=\"https:\/\/www.klur.net\/de\/wir-freuen-uns-sie-bald-bei-cote-vignes-begruessen-zu-duerfen\/\" \/>\n<meta property=\"og:locale\" content=\"de_DE\" \/>\n<meta property=\"og:type\" content=\"article\" \/>\n<meta property=\"og:title\" content=\"Wir freuen uns, Sie bald bei Cot\u00e9 Vignes begr\u00fc\u00dfen zu d\u00fcrfen. - Klur\" \/>\n<meta property=\"og:url\" content=\"https:\/\/www.klur.net\/de\/wir-freuen-uns-sie-bald-bei-cote-vignes-begruessen-zu-duerfen\/\" \/>\n<meta property=\"og:site_name\" content=\"Klur\" \/>\n<meta property=\"article:publisher\" content=\"https:\/\/www.facebook.com\/vignoble.klur\" \/>\n<meta property=\"article:modified_time\" content=\"2026-02-27T00:33:51+00:00\" \/>\n<meta property=\"og:image\" content=\"https:\/\/www.klur.net\/wp-content\/uploads\/2025\/12\/home-Klur-nains-de-jardin.jpg\" \/>\n\t<meta property=\"og:image:width\" content=\"1800\" \/>\n\t<meta property=\"og:image:height\" content=\"1208\" \/>\n\t<meta property=\"og:image:type\" content=\"image\/jpeg\" \/>\n<meta name=\"twitter:card\" content=\"summary_large_image\" \/>\n<script type=\"application\/ld+json\" class=\"yoast-schema-graph\">{\"@context\":\"https:\/\/schema.org\",\"@graph\":[{\"@type\":\"WebPage\",\"@id\":\"https:\/\/www.klur.net\/de\/wir-freuen-uns-sie-bald-bei-cote-vignes-begruessen-zu-duerfen\/\",\"url\":\"https:\/\/www.klur.net\/de\/wir-freuen-uns-sie-bald-bei-cote-vignes-begruessen-zu-duerfen\/\",\"name\":\"Wir freuen uns, Sie bald bei Cot\u00e9 Vignes begr\u00fc\u00dfen zu d\u00fcrfen. - Klur\",\"isPartOf\":{\"@id\":\"https:\/\/www.klur.net\/de\/#website\"},\"datePublished\":\"2026-02-17T23:39:11+00:00\",\"dateModified\":\"2026-02-27T00:33:51+00:00\",\"breadcrumb\":{\"@id\":\"https:\/\/www.klur.net\/de\/wir-freuen-uns-sie-bald-bei-cote-vignes-begruessen-zu-duerfen\/#breadcrumb\"},\"inLanguage\":\"de\",\"potentialAction\":[{\"@type\":\"ReadAction\",\"target\":[\"https:\/\/www.klur.net\/de\/wir-freuen-uns-sie-bald-bei-cote-vignes-begruessen-zu-duerfen\/\"]}]},{\"@type\":\"BreadcrumbList\",\"@id\":\"https:\/\/www.klur.net\/de\/wir-freuen-uns-sie-bald-bei-cote-vignes-begruessen-zu-duerfen\/#breadcrumb\",\"itemListElement\":[{\"@type\":\"ListItem\",\"position\":1,\"name\":\"Accueil\",\"item\":\"https:\/\/www.klur.net\/de\/\"},{\"@type\":\"ListItem\",\"position\":2,\"name\":\"Wir freuen uns, Sie bald bei Cot\u00e9 Vignes begr\u00fc\u00dfen zu d\u00fcrfen.\"}]},{\"@type\":\"WebSite\",\"@id\":\"https:\/\/www.klur.net\/de\/#website\",\"url\":\"https:\/\/www.klur.net\/de\/\",\"name\":\"Klur\",\"description\":\"R\u00e9sidence vigneronne\",\"publisher\":{\"@id\":\"https:\/\/www.klur.net\/de\/#organization\"},\"potentialAction\":[{\"@type\":\"SearchAction\",\"target\":{\"@type\":\"EntryPoint\",\"urlTemplate\":\"https:\/\/www.klur.net\/de\/?s={search_term_string}\"},\"query-input\":{\"@type\":\"PropertyValueSpecification\",\"valueRequired\":true,\"valueName\":\"search_term_string\"}}],\"inLanguage\":\"de\"},{\"@type\":\"Organization\",\"@id\":\"https:\/\/www.klur.net\/de\/#organization\",\"name\":\"Klur\",\"url\":\"https:\/\/www.klur.net\/de\/\",\"logo\":{\"@type\":\"ImageObject\",\"inLanguage\":\"de\",\"@id\":\"https:\/\/www.klur.net\/de\/#\/schema\/logo\/image\/\",\"url\":\"https:\/\/www.klur.net\/wp-content\/uploads\/2025\/12\/logo-2026-500px.png\",\"contentUrl\":\"https:\/\/www.klur.net\/wp-content\/uploads\/2025\/12\/logo-2026-500px.png\",\"width\":500,\"height\":269,\"caption\":\"Klur\"},\"image\":{\"@id\":\"https:\/\/www.klur.net\/de\/#\/schema\/logo\/image\/\"},\"sameAs\":[\"https:\/\/www.facebook.com\/vignoble.klur\",\"https:\/\/www.instagram.com\/vignobleklur\/\"]}]}<\/script>\n<!-- \/ Yoast SEO plugin. -->","yoast_head_json":{"title":"Wir freuen uns, Sie bald bei Cot\u00e9 Vignes begr\u00fc\u00dfen zu d\u00fcrfen. - Klur","robots":{"index":"index","follow":"follow","max-snippet":"max-snippet:-1","max-image-preview":"max-image-preview:large","max-video-preview":"max-video-preview:-1"},"canonical":"https:\/\/www.klur.net\/de\/wir-freuen-uns-sie-bald-bei-cote-vignes-begruessen-zu-duerfen\/","og_locale":"de_DE","og_type":"article","og_title":"Wir freuen uns, Sie bald bei Cot\u00e9 Vignes begr\u00fc\u00dfen zu d\u00fcrfen. - Klur","og_url":"https:\/\/www.klur.net\/de\/wir-freuen-uns-sie-bald-bei-cote-vignes-begruessen-zu-duerfen\/","og_site_name":"Klur","article_publisher":"https:\/\/www.facebook.com\/vignoble.klur","article_modified_time":"2026-02-27T00:33:51+00:00","og_image":[{"width":1800,"height":1208,"url":"https:\/\/www.klur.net\/wp-content\/uploads\/2025\/12\/home-Klur-nains-de-jardin.jpg","type":"image\/jpeg"}],"twitter_card":"summary_large_image","schema":{"@context":"https:\/\/schema.org","@graph":[{"@type":"WebPage","@id":"https:\/\/www.klur.net\/de\/wir-freuen-uns-sie-bald-bei-cote-vignes-begruessen-zu-duerfen\/","url":"https:\/\/www.klur.net\/de\/wir-freuen-uns-sie-bald-bei-cote-vignes-begruessen-zu-duerfen\/","name":"Wir freuen uns, Sie bald bei Cot\u00e9 Vignes begr\u00fc\u00dfen zu d\u00fcrfen. - Klur","isPartOf":{"@id":"https:\/\/www.klur.net\/de\/#website"},"datePublished":"2026-02-17T23:39:11+00:00","dateModified":"2026-02-27T00:33:51+00:00","breadcrumb":{"@id":"https:\/\/www.klur.net\/de\/wir-freuen-uns-sie-bald-bei-cote-vignes-begruessen-zu-duerfen\/#breadcrumb"},"inLanguage":"de","potentialAction":[{"@type":"ReadAction","target":["https:\/\/www.klur.net\/de\/wir-freuen-uns-sie-bald-bei-cote-vignes-begruessen-zu-duerfen\/"]}]},{"@type":"BreadcrumbList","@id":"https:\/\/www.klur.net\/de\/wir-freuen-uns-sie-bald-bei-cote-vignes-begruessen-zu-duerfen\/#breadcrumb","itemListElement":[{"@type":"ListItem","position":1,"name":"Accueil","item":"https:\/\/www.klur.net\/de\/"},{"@type":"ListItem","position":2,"name":"Wir freuen uns, Sie bald bei Cot\u00e9 Vignes begr\u00fc\u00dfen zu d\u00fcrfen."}]},{"@type":"WebSite","@id":"https:\/\/www.klur.net\/de\/#website","url":"https:\/\/www.klur.net\/de\/","name":"Klur","description":"R\u00e9sidence vigneronne","publisher":{"@id":"https:\/\/www.klur.net\/de\/#organization"},"potentialAction":[{"@type":"SearchAction","target":{"@type":"EntryPoint","urlTemplate":"https:\/\/www.klur.net\/de\/?s={search_term_string}"},"query-input":{"@type":"PropertyValueSpecification","valueRequired":true,"valueName":"search_term_string"}}],"inLanguage":"de"},{"@type":"Organization","@id":"https:\/\/www.klur.net\/de\/#organization","name":"Klur","url":"https:\/\/www.klur.net\/de\/","logo":{"@type":"ImageObject","inLanguage":"de","@id":"https:\/\/www.klur.net\/de\/#\/schema\/logo\/image\/","url":"https:\/\/www.klur.net\/wp-content\/uploads\/2025\/12\/logo-2026-500px.png","contentUrl":"https:\/\/www.klur.net\/wp-content\/uploads\/2025\/12\/logo-2026-500px.png","width":500,"height":269,"caption":"Klur"},"image":{"@id":"https:\/\/www.klur.net\/de\/#\/schema\/logo\/image\/"},"sameAs":["https:\/\/www.facebook.com\/vignoble.klur","https:\/\/www.instagram.com\/vignobleklur\/"]}]}},"_links":{"self":[{"href":"https:\/\/www.klur.net\/de\/wp-json\/wp\/v2\/pages\/9734","targetHints":{"allow":["GET"]}}],"collection":[{"href":"https:\/\/www.klur.net\/de\/wp-json\/wp\/v2\/pages"}],"about":[{"href":"https:\/\/www.klur.net\/de\/wp-json\/wp\/v2\/types\/page"}],"author":[{"embeddable":true,"href":"https:\/\/www.klur.net\/de\/wp-json\/wp\/v2\/users\/1"}],"replies":[{"embeddable":true,"href":"https:\/\/www.klur.net\/de\/wp-json\/wp\/v2\/comments?post=9734"}],"version-history":[{"count":7,"href":"https:\/\/www.klur.net\/de\/wp-json\/wp\/v2\/pages\/9734\/revisions"}],"predecessor-version":[{"id":10684,"href":"https:\/\/www.klur.net\/de\/wp-json\/wp\/v2\/pages\/9734\/revisions\/10684"}],"wp:attachment":[{"href":"https:\/\/www.klur.net\/de\/wp-json\/wp\/v2\/media?parent=9734"}],"curies":[{"name":"wp","href":"https:\/\/api.w.org\/{rel}","templated":true}]}}