{"id":10023,"date":"2021-03-22T08:26:03","date_gmt":"2021-03-22T07:26:03","guid":{"rendered":"https:\/\/www.klur.net\/bewerben-sie-sich-fuer-einen-laengeren-aufenthalt\/"},"modified":"2026-03-03T23:35:47","modified_gmt":"2026-03-03T22:35:47","slug":"bewerben-sie-sich-fuer-einen-laengeren-aufenthalt","status":"publish","type":"page","link":"https:\/\/www.klur.net\/de\/bewerben-sie-sich-fuer-einen-laengeren-aufenthalt\/","title":{"rendered":"Bewerben Sie sich f\u00fcr einen l\u00e4ngeren Aufenthalt"},"content":{"rendered":"\t\t<div data-elementor-type=\"wp-page\" data-elementor-id=\"10023\" class=\"elementor elementor-10023 elementor-2102\" data-elementor-settings=\"{&quot;ha_cmc_init_switcher&quot;:&quot;no&quot;}\" data-elementor-post-type=\"page\">\n\t\t\t\t<div class=\"elementor-element elementor-element-7df900d e-flex e-con-boxed e-con e-parent\" data-id=\"7df900d\" data-element_type=\"container\" data-e-type=\"container\" data-settings=\"{&quot;_ha_eqh_enable&quot;:false}\">\n\t\t\t\t\t<div class=\"e-con-inner\">\n\t\t<div class=\"elementor-element elementor-element-04f42a5 e-con-full e-flex e-con e-child\" data-id=\"04f42a5\" data-element_type=\"container\" data-e-type=\"container\" data-settings=\"{&quot;_ha_eqh_enable&quot;:false}\">\n\t\t\t\t<div class=\"elementor-element elementor-element-20851f2 elementor-widget elementor-widget-nuss-heading\" data-id=\"20851f2\" data-element_type=\"widget\" data-e-type=\"widget\" data-widget_type=\"nuss-heading.default\">\n\t\t\t\t<div class=\"elementor-widget-container\">\n\t\t\t\t\t\t\t<div class=\"nuss-modern-heading\">\r\n\t\t\t\r\n\t\t\t\t\t\t<div class=\"heading-primary-wrap\">\r\n\t\t\t\t<h2 class=\"heading-primary elementor-heading-title\">Wohnen in der R\u00e9sidence Vigneronne Klur f\u00fcr 3 Monate oder l\u00e4nger.<\/h2>\t\t\t<\/div>\r\n\t\t\r\n\t\t\t\t\t\t<div class=\"heading-divider-wrap\">\r\n\t\t\t\t<div class=\"heading-divider\" style=\"\"><\/div>\r\n\t\t\t<\/div>\r\n\t\r\n\t\t\t\t\t<\/div>\r\n\t\t\t\t\t<\/div>\n\t\t\t\t<\/div>\n\t\t\t\t<div class=\"elementor-element elementor-element-49d7979 elementor-widget elementor-widget-text-editor\" data-id=\"49d7979\" data-element_type=\"widget\" data-e-type=\"widget\" data-widget_type=\"text-editor.default\">\n\t\t\t\t\t\t\t\t\t<p><strong>M\u00f6blierte und ausgestattete Nichtraucher-Unterk\u00fcnfte. Mit oder ohne Service (Reinigung, W\u00e4sche, Internet, Waschk\u00fcche&#8230;). Belegung mit 1 Person, Haustiere nicht erlaubt.  <\/strong><\/p><p>Kontakt Tel: +33(0)3 89 80 94 29<br>Email: <a href=\"mailto:info@klur.net\">info@klur.net<\/a><\/p>\t\t\t\t\t\t\t\t<\/div>\n\t\t\t\t<\/div>\n\t\t<div class=\"elementor-element elementor-element-7164701 e-con-full e-flex e-con e-child\" data-id=\"7164701\" data-element_type=\"container\" data-e-type=\"container\" data-settings=\"{&quot;_ha_eqh_enable&quot;:false}\">\n\t\t\t\t<div class=\"elementor-element elementor-element-dedaeda nuss-contact-form-style-01 nuss-button-align-stretch elementor-widget elementor-widget-nuss-contact-form-7\" data-id=\"dedaeda\" data-element_type=\"widget\" data-e-type=\"widget\" data-widget_type=\"nuss-contact-form-7.default\">\n\t\t\t\t<div class=\"elementor-widget-container\">\n\t\t\t\t\t\t\t<div class=\"nuss-contact-form-7\">\r\n\t\t\t\n<div class=\"wpcf7 no-js\" id=\"wpcf7-f9596-o1\" lang=\"de-DE\" dir=\"ltr\" data-wpcf7-id=\"9596\">\n<div class=\"screen-reader-response\"><p role=\"status\" aria-live=\"polite\" aria-atomic=\"true\"><\/p> <ul><\/ul><\/div>\n<form action=\"\/de\/wp-json\/wp\/v2\/pages\/10023#wpcf7-f9596-o1\" method=\"post\" class=\"wpcf7-form init\" aria-label=\"Kontaktformular\" novalidate=\"novalidate\" data-status=\"init\">\n<fieldset class=\"hidden-fields-container\"><input type=\"hidden\" name=\"_wpcf7\" value=\"9596\" \/><input type=\"hidden\" name=\"_wpcf7_version\" value=\"6.1.5\" \/><input type=\"hidden\" name=\"_wpcf7_locale\" value=\"de_DE\" \/><input type=\"hidden\" name=\"_wpcf7_unit_tag\" value=\"wpcf7-f9596-o1\" \/><input type=\"hidden\" name=\"_wpcf7_container_post\" value=\"0\" \/><input type=\"hidden\" name=\"_wpcf7_posted_data_hash\" value=\"\" \/><input type=\"hidden\" name=\"_wpcf7_recaptcha_response\" value=\"\" \/>\n<\/fieldset>\n<p><label> Ihr Name und Vorname<br \/>\n<span class=\"wpcf7-form-control-wrap\" data-name=\"your-name\"><input size=\"40\" maxlength=\"400\" class=\"wpcf7-form-control wpcf7-text wpcf7-validates-as-required\" autocomplete=\"name\" aria-required=\"true\" aria-invalid=\"false\" value=\"\" type=\"text\" name=\"your-name\" \/><\/span> <\/label>\n<\/p>\n<p><label> Ihre E-Mail-Adresse<br \/>\n<span class=\"wpcf7-form-control-wrap\" data-name=\"your-email\"><input size=\"40\" maxlength=\"400\" class=\"wpcf7-form-control wpcf7-email wpcf7-validates-as-required wpcf7-text wpcf7-validates-as-email\" autocomplete=\"email\" aria-required=\"true\" aria-invalid=\"false\" value=\"\" type=\"email\" name=\"your-email\" \/><\/span> <\/label>\n<\/p>\n<p><label>Ihr Telefon<br \/>\n<span class=\"wpcf7-form-control-wrap\" data-name=\"your-phone\"><input size=\"40\" maxlength=\"400\" class=\"wpcf7-form-control wpcf7-text wpcf7-validates-as-required\" aria-required=\"true\" aria-invalid=\"false\" value=\"\" type=\"text\" name=\"your-phone\" \/><\/span> <\/label>\n<\/p>\n<p><label> Ihre Adresse (Stadt und Land)<br \/>\n<span class=\"wpcf7-form-control-wrap\" data-name=\"your-adress\"><input size=\"40\" maxlength=\"400\" class=\"wpcf7-form-control wpcf7-text wpcf7-validates-as-required\" aria-required=\"true\" aria-invalid=\"false\" value=\"\" type=\"text\" name=\"your-adress\" \/><\/span> <\/label>\n<\/p>\n<p><label> Ihre Aufenthaltsdauer<br \/>\n<span class=\"wpcf7-form-control-wrap\" data-name=\"date\"><input size=\"40\" maxlength=\"400\" class=\"wpcf7-form-control wpcf7-text wpcf7-validates-as-required\" aria-required=\"true\" aria-invalid=\"false\" value=\"\" type=\"text\" name=\"date\" \/><\/span> <\/label>\n<\/p>\n<p><label> Ihre Nachricht (optional)<br \/>\n<span class=\"wpcf7-form-control-wrap\" data-name=\"your-message\"><textarea cols=\"40\" rows=\"10\" maxlength=\"2000\" class=\"wpcf7-form-control wpcf7-textarea\" aria-invalid=\"false\" name=\"your-message\"><\/textarea><\/span> <\/label>\n<\/p>\n<p><input class=\"wpcf7-form-control wpcf7-submit has-spinner\" type=\"submit\" value=\"Senden Sie\" \/>\n<\/p><div class=\"wpcf7-response-output\" aria-hidden=\"true\"><\/div>\n<\/form>\n<\/div>\n\t\t<\/div>\r\n\t\t\t\t\t\t<\/div>\n\t\t\t\t<\/div>\n\t\t\t\t<\/div>\n\t\t\t\t\t<\/div>\n\t\t\t\t<\/div>\n\t\t<div class=\"elementor-element elementor-element-dfaf804 e-flex e-con-boxed e-con e-parent\" data-id=\"dfaf804\" data-element_type=\"container\" data-e-type=\"container\" data-settings=\"{&quot;_ha_eqh_enable&quot;:false}\">\n\t\t\t\t\t<div class=\"e-con-inner\">\n\t\t\t\t<div class=\"elementor-element elementor-element-7be791b elementor-widget__width-initial elementor-widget elementor-widget-html\" data-id=\"7be791b\" data-element_type=\"widget\" data-e-type=\"widget\" data-widget_type=\"html.default\">\n\t\t\t\t\t<iframe src=\"https:\/\/www.google.com\/maps\/embed?pb=!1m18!1m12!1m3!1d12030.185434863124!2d7.268847122378541!3d48.10571947130406!2m3!1f0!2f0!3f0!3m2!1i1024!2i768!4f13.1!3m3!1m2!1s0x479161484cc39c73%3A0x8fabd7cbf067a4e1!2s105%20Rue%20des%20Trois%20%C3%89pis%2C%2068230%20Katzenthal!5e1!3m2!1sfr!2sfr!4v1766018228495!5m2!1sfr!2sfr\" width=\"100%\" height=\"450\" style=\"border:0;\" allowfullscreen=\"\" loading=\"lazy\" referrerpolicy=\"no-referrer-when-downgrade\"><\/iframe>\t\t\t\t<\/div>\n\t\t\t\t\t<\/div>\n\t\t\t\t<\/div>\n\t\t<div class=\"elementor-element elementor-element-7bc94a0 e-flex e-con-boxed e-con e-parent\" data-id=\"7bc94a0\" data-element_type=\"container\" data-e-type=\"container\" data-settings=\"{&quot;_ha_eqh_enable&quot;:false}\">\n\t\t\t\t\t<div class=\"e-con-inner\">\n\t\t\t\t\t<\/div>\n\t\t\t\t<\/div>\n\t\t\t\t<\/div>\n\t\t","protected":false},"excerpt":{"rendered":"<p>Wohnen in der R\u00e9sidence Vigneronne Klur f\u00fcr 3 Monate oder l\u00e4nger. M\u00f6blierte und ausgestattete Nichtraucher-Unterk\u00fcnfte. Mit oder ohne Service (Reinigung, W\u00e4sche, Internet, Waschk\u00fcche&#8230;). Belegung mit 1 Person, Haustiere nicht erlaubt. Kontakt Tel: +33(0)3 89 80 94 29Email: info@klur.net Ihr Name und Vorname Ihre E-Mail-Adresse Ihr Telefon Ihre Adresse (Stadt und Land) Ihre Aufenthaltsdauer Ihre Nachricht [&hellip;]<\/p>\n","protected":false},"author":1,"featured_media":9782,"parent":0,"menu_order":0,"comment_status":"closed","ping_status":"closed","template":"elementor_header_footer","meta":{"footnotes":""},"class_list":["post-10023","page","type-page","status-publish","has-post-thumbnail","hentry"],"yoast_head":"<!-- This site is optimized with the Yoast SEO plugin v27.1.1 - https:\/\/yoast.com\/product\/yoast-seo-wordpress\/ -->\n<title>Finden Sie ein Zimmer in einer Wohngemeinschaft oder in einem Studio in Alsace<\/title>\n<meta name=\"description\" content=\"Kommen Sie f\u00fcr 3 Monate in ein \u00d6ko-Gebiet im Elsass in einer Wohngemeinschaft oder einem Studio und teilen Sie den Empfang von K\u00fcnstlern und Reisenden.\" \/>\n<meta name=\"robots\" content=\"index, follow, max-snippet:-1, max-image-preview:large, max-video-preview:-1\" \/>\n<link rel=\"canonical\" href=\"https:\/\/www.klur.net\/de\/bewerben-sie-sich-fuer-einen-laengeren-aufenthalt\/\" \/>\n<meta property=\"og:locale\" content=\"de_DE\" \/>\n<meta property=\"og:type\" content=\"article\" \/>\n<meta property=\"og:title\" content=\"Finden Sie ein Zimmer in einer Wohngemeinschaft oder in einem Studio in Alsace\" \/>\n<meta property=\"og:description\" content=\"Kommen Sie f\u00fcr 3 Monate in ein \u00d6ko-Gebiet im Elsass in einer Wohngemeinschaft oder einem Studio und teilen Sie den Empfang von K\u00fcnstlern und Reisenden.\" \/>\n<meta property=\"og:url\" content=\"https:\/\/www.klur.net\/de\/bewerben-sie-sich-fuer-einen-laengeren-aufenthalt\/\" \/>\n<meta property=\"og:site_name\" content=\"Klur\" \/>\n<meta property=\"article:publisher\" content=\"https:\/\/www.facebook.com\/vignoble.klur\" \/>\n<meta property=\"article:modified_time\" content=\"2026-03-03T22:35:47+00:00\" \/>\n<meta property=\"og:image\" content=\"https:\/\/www.klur.net\/wp-content\/uploads\/2026\/01\/bandeau25.jpg\" \/>\n\t<meta property=\"og:image:width\" content=\"800\" \/>\n\t<meta property=\"og:image:height\" content=\"295\" \/>\n\t<meta property=\"og:image:type\" content=\"image\/jpeg\" \/>\n<meta name=\"twitter:card\" content=\"summary_large_image\" \/>\n<meta name=\"twitter:label1\" content=\"Gesch\u00e4tzte Lesezeit\" \/>\n\t<meta name=\"twitter:data1\" content=\"1\u00a0Minute\" \/>\n<script type=\"application\/ld+json\" class=\"yoast-schema-graph\">{\"@context\":\"https:\/\/schema.org\",\"@graph\":[{\"@type\":\"WebPage\",\"@id\":\"https:\/\/www.klur.net\/de\/bewerben-sie-sich-fuer-einen-laengeren-aufenthalt\/\",\"url\":\"https:\/\/www.klur.net\/de\/bewerben-sie-sich-fuer-einen-laengeren-aufenthalt\/\",\"name\":\"Finden Sie ein Zimmer in einer Wohngemeinschaft oder in einem Studio in Alsace\",\"isPartOf\":{\"@id\":\"https:\/\/www.klur.net\/de\/#website\"},\"primaryImageOfPage\":{\"@id\":\"https:\/\/www.klur.net\/de\/bewerben-sie-sich-fuer-einen-laengeren-aufenthalt\/#primaryimage\"},\"image\":{\"@id\":\"https:\/\/www.klur.net\/de\/bewerben-sie-sich-fuer-einen-laengeren-aufenthalt\/#primaryimage\"},\"thumbnailUrl\":\"https:\/\/www.klur.net\/wp-content\/uploads\/2026\/01\/bandeau25.jpg\",\"datePublished\":\"2021-03-22T07:26:03+00:00\",\"dateModified\":\"2026-03-03T22:35:47+00:00\",\"description\":\"Kommen Sie f\u00fcr 3 Monate in ein \u00d6ko-Gebiet im Elsass in einer Wohngemeinschaft oder einem Studio und teilen Sie den Empfang von K\u00fcnstlern und Reisenden.\",\"breadcrumb\":{\"@id\":\"https:\/\/www.klur.net\/de\/bewerben-sie-sich-fuer-einen-laengeren-aufenthalt\/#breadcrumb\"},\"inLanguage\":\"de\",\"potentialAction\":[{\"@type\":\"ReadAction\",\"target\":[\"https:\/\/www.klur.net\/de\/bewerben-sie-sich-fuer-einen-laengeren-aufenthalt\/\"]}]},{\"@type\":\"ImageObject\",\"inLanguage\":\"de\",\"@id\":\"https:\/\/www.klur.net\/de\/bewerben-sie-sich-fuer-einen-laengeren-aufenthalt\/#primaryimage\",\"url\":\"https:\/\/www.klur.net\/wp-content\/uploads\/2026\/01\/bandeau25.jpg\",\"contentUrl\":\"https:\/\/www.klur.net\/wp-content\/uploads\/2026\/01\/bandeau25.jpg\",\"width\":800,\"height\":295},{\"@type\":\"BreadcrumbList\",\"@id\":\"https:\/\/www.klur.net\/de\/bewerben-sie-sich-fuer-einen-laengeren-aufenthalt\/#breadcrumb\",\"itemListElement\":[{\"@type\":\"ListItem\",\"position\":1,\"name\":\"Accueil\",\"item\":\"https:\/\/www.klur.net\/de\/\"},{\"@type\":\"ListItem\",\"position\":2,\"name\":\"Bewerben Sie sich f\u00fcr einen l\u00e4ngeren Aufenthalt\"}]},{\"@type\":\"WebSite\",\"@id\":\"https:\/\/www.klur.net\/de\/#website\",\"url\":\"https:\/\/www.klur.net\/de\/\",\"name\":\"Klur\",\"description\":\"R\u00e9sidence vigneronne\",\"publisher\":{\"@id\":\"https:\/\/www.klur.net\/de\/#organization\"},\"potentialAction\":[{\"@type\":\"SearchAction\",\"target\":{\"@type\":\"EntryPoint\",\"urlTemplate\":\"https:\/\/www.klur.net\/de\/?s={search_term_string}\"},\"query-input\":{\"@type\":\"PropertyValueSpecification\",\"valueRequired\":true,\"valueName\":\"search_term_string\"}}],\"inLanguage\":\"de\"},{\"@type\":\"Organization\",\"@id\":\"https:\/\/www.klur.net\/de\/#organization\",\"name\":\"Klur\",\"url\":\"https:\/\/www.klur.net\/de\/\",\"logo\":{\"@type\":\"ImageObject\",\"inLanguage\":\"de\",\"@id\":\"https:\/\/www.klur.net\/de\/#\/schema\/logo\/image\/\",\"url\":\"https:\/\/www.klur.net\/wp-content\/uploads\/2025\/12\/logo-2026-500px.png\",\"contentUrl\":\"https:\/\/www.klur.net\/wp-content\/uploads\/2025\/12\/logo-2026-500px.png\",\"width\":500,\"height\":269,\"caption\":\"Klur\"},\"image\":{\"@id\":\"https:\/\/www.klur.net\/de\/#\/schema\/logo\/image\/\"},\"sameAs\":[\"https:\/\/www.facebook.com\/vignoble.klur\",\"https:\/\/www.instagram.com\/vignobleklur\/\"]}]}<\/script>\n<!-- \/ Yoast SEO plugin. -->","yoast_head_json":{"title":"Finden Sie ein Zimmer in einer Wohngemeinschaft oder in einem Studio in Alsace","description":"Kommen Sie f\u00fcr 3 Monate in ein \u00d6ko-Gebiet im Elsass in einer Wohngemeinschaft oder einem Studio und teilen Sie den Empfang von K\u00fcnstlern und Reisenden.","robots":{"index":"index","follow":"follow","max-snippet":"max-snippet:-1","max-image-preview":"max-image-preview:large","max-video-preview":"max-video-preview:-1"},"canonical":"https:\/\/www.klur.net\/de\/bewerben-sie-sich-fuer-einen-laengeren-aufenthalt\/","og_locale":"de_DE","og_type":"article","og_title":"Finden Sie ein Zimmer in einer Wohngemeinschaft oder in einem Studio in Alsace","og_description":"Kommen Sie f\u00fcr 3 Monate in ein \u00d6ko-Gebiet im Elsass in einer Wohngemeinschaft oder einem Studio und teilen Sie den Empfang von K\u00fcnstlern und Reisenden.","og_url":"https:\/\/www.klur.net\/de\/bewerben-sie-sich-fuer-einen-laengeren-aufenthalt\/","og_site_name":"Klur","article_publisher":"https:\/\/www.facebook.com\/vignoble.klur","article_modified_time":"2026-03-03T22:35:47+00:00","og_image":[{"width":800,"height":295,"url":"https:\/\/www.klur.net\/wp-content\/uploads\/2026\/01\/bandeau25.jpg","type":"image\/jpeg"}],"twitter_card":"summary_large_image","twitter_misc":{"Gesch\u00e4tzte Lesezeit":"1\u00a0Minute"},"schema":{"@context":"https:\/\/schema.org","@graph":[{"@type":"WebPage","@id":"https:\/\/www.klur.net\/de\/bewerben-sie-sich-fuer-einen-laengeren-aufenthalt\/","url":"https:\/\/www.klur.net\/de\/bewerben-sie-sich-fuer-einen-laengeren-aufenthalt\/","name":"Finden Sie ein Zimmer in einer Wohngemeinschaft oder in einem Studio in Alsace","isPartOf":{"@id":"https:\/\/www.klur.net\/de\/#website"},"primaryImageOfPage":{"@id":"https:\/\/www.klur.net\/de\/bewerben-sie-sich-fuer-einen-laengeren-aufenthalt\/#primaryimage"},"image":{"@id":"https:\/\/www.klur.net\/de\/bewerben-sie-sich-fuer-einen-laengeren-aufenthalt\/#primaryimage"},"thumbnailUrl":"https:\/\/www.klur.net\/wp-content\/uploads\/2026\/01\/bandeau25.jpg","datePublished":"2021-03-22T07:26:03+00:00","dateModified":"2026-03-03T22:35:47+00:00","description":"Kommen Sie f\u00fcr 3 Monate in ein \u00d6ko-Gebiet im Elsass in einer Wohngemeinschaft oder einem Studio und teilen Sie den Empfang von K\u00fcnstlern und Reisenden.","breadcrumb":{"@id":"https:\/\/www.klur.net\/de\/bewerben-sie-sich-fuer-einen-laengeren-aufenthalt\/#breadcrumb"},"inLanguage":"de","potentialAction":[{"@type":"ReadAction","target":["https:\/\/www.klur.net\/de\/bewerben-sie-sich-fuer-einen-laengeren-aufenthalt\/"]}]},{"@type":"ImageObject","inLanguage":"de","@id":"https:\/\/www.klur.net\/de\/bewerben-sie-sich-fuer-einen-laengeren-aufenthalt\/#primaryimage","url":"https:\/\/www.klur.net\/wp-content\/uploads\/2026\/01\/bandeau25.jpg","contentUrl":"https:\/\/www.klur.net\/wp-content\/uploads\/2026\/01\/bandeau25.jpg","width":800,"height":295},{"@type":"BreadcrumbList","@id":"https:\/\/www.klur.net\/de\/bewerben-sie-sich-fuer-einen-laengeren-aufenthalt\/#breadcrumb","itemListElement":[{"@type":"ListItem","position":1,"name":"Accueil","item":"https:\/\/www.klur.net\/de\/"},{"@type":"ListItem","position":2,"name":"Bewerben Sie sich f\u00fcr einen l\u00e4ngeren Aufenthalt"}]},{"@type":"WebSite","@id":"https:\/\/www.klur.net\/de\/#website","url":"https:\/\/www.klur.net\/de\/","name":"Klur","description":"R\u00e9sidence vigneronne","publisher":{"@id":"https:\/\/www.klur.net\/de\/#organization"},"potentialAction":[{"@type":"SearchAction","target":{"@type":"EntryPoint","urlTemplate":"https:\/\/www.klur.net\/de\/?s={search_term_string}"},"query-input":{"@type":"PropertyValueSpecification","valueRequired":true,"valueName":"search_term_string"}}],"inLanguage":"de"},{"@type":"Organization","@id":"https:\/\/www.klur.net\/de\/#organization","name":"Klur","url":"https:\/\/www.klur.net\/de\/","logo":{"@type":"ImageObject","inLanguage":"de","@id":"https:\/\/www.klur.net\/de\/#\/schema\/logo\/image\/","url":"https:\/\/www.klur.net\/wp-content\/uploads\/2025\/12\/logo-2026-500px.png","contentUrl":"https:\/\/www.klur.net\/wp-content\/uploads\/2025\/12\/logo-2026-500px.png","width":500,"height":269,"caption":"Klur"},"image":{"@id":"https:\/\/www.klur.net\/de\/#\/schema\/logo\/image\/"},"sameAs":["https:\/\/www.facebook.com\/vignoble.klur","https:\/\/www.instagram.com\/vignobleklur\/"]}]}},"_links":{"self":[{"href":"https:\/\/www.klur.net\/de\/wp-json\/wp\/v2\/pages\/10023","targetHints":{"allow":["GET"]}}],"collection":[{"href":"https:\/\/www.klur.net\/de\/wp-json\/wp\/v2\/pages"}],"about":[{"href":"https:\/\/www.klur.net\/de\/wp-json\/wp\/v2\/types\/page"}],"author":[{"embeddable":true,"href":"https:\/\/www.klur.net\/de\/wp-json\/wp\/v2\/users\/1"}],"replies":[{"embeddable":true,"href":"https:\/\/www.klur.net\/de\/wp-json\/wp\/v2\/comments?post=10023"}],"version-history":[{"count":8,"href":"https:\/\/www.klur.net\/de\/wp-json\/wp\/v2\/pages\/10023\/revisions"}],"predecessor-version":[{"id":11007,"href":"https:\/\/www.klur.net\/de\/wp-json\/wp\/v2\/pages\/10023\/revisions\/11007"}],"wp:featuredmedia":[{"embeddable":true,"href":"https:\/\/www.klur.net\/de\/wp-json\/wp\/v2\/media\/9782"}],"wp:attachment":[{"href":"https:\/\/www.klur.net\/de\/wp-json\/wp\/v2\/media?parent=10023"}],"curies":[{"name":"wp","href":"https:\/\/api.w.org\/{rel}","templated":true}]}}