{"id":10009,"date":"2025-12-13T00:28:50","date_gmt":"2025-12-12T23:28:50","guid":{"rendered":"https:\/\/www.klur.net\/allgemeine-verkaufsbedingungen\/"},"modified":"2026-02-25T01:33:45","modified_gmt":"2026-02-25T00:33:45","slug":"allgemeine-verkaufsbedingungen","status":"publish","type":"page","link":"https:\/\/www.klur.net\/de\/allgemeine-verkaufsbedingungen\/","title":{"rendered":"Allgemeine Verkaufsbedingungen"},"content":{"rendered":"\t\t<div data-elementor-type=\"wp-page\" data-elementor-id=\"10009\" class=\"elementor elementor-10009 elementor-6157\" data-elementor-settings=\"{&quot;ha_cmc_init_switcher&quot;:&quot;no&quot;}\" data-elementor-post-type=\"page\">\n\t\t\t\t<div class=\"elementor-element elementor-element-84ea983 e-flex e-con-boxed e-con e-parent\" data-id=\"84ea983\" data-element_type=\"container\" data-e-type=\"container\" data-settings=\"{&quot;_ha_eqh_enable&quot;:false}\">\n\t\t\t\t\t<div class=\"e-con-inner\">\n\t\t\t\t<div class=\"elementor-element elementor-element-e5ab259 elementor-widget elementor-widget-text-editor\" data-id=\"e5ab259\" data-element_type=\"widget\" data-e-type=\"widget\" data-widget_type=\"text-editor.default\">\n\t\t\t\t\t\t\t\t\t<h2>Allgemeine Gesch\u00e4ftsbedingungen<\/h2>\nDieser Online-Shop ist der Shop von SARL LES VERDOYANTS \/ VIGNOBLE KLUR und umfasst Dienstleistungen, Weine und die Ferienh\u00e4user und -wohnungen, die von der Familie Klur verwaltet werden.\n\nOnline-Zahlung<strong>: <\/strong>Die Sicherheit der Zahlungen wird durch die Verwendung des SSL-Sicherheitsprotokolls gew\u00e4hrleistet. Dieses System garantiert Ihnen die absolute Vertraulichkeit Ihrer pers\u00f6nlichen Daten, die Sie auf der Website eingeben. Ihre Bankdaten werden au\u00dferdem in einem verschl\u00fcsselten Modus \u00fcbertragen, der von Dritten nicht genutzt werden kann. Selbstverst\u00e4ndlich k\u00f6nnen Sie uns Ihre Zahlung auch per Scheck (zu senden an Vignoble Klur, 105 rue des Trois Epis, 68230 Katzenthal) und per Bank\u00fcberweisung zukommen lassen. Verkauf oder Reservierung    \n\n<hr>\n\n<strong>Pers\u00f6nliche Informationen: <\/strong>Wir verpflichten uns, die gesammelten Informationen an niemanden au\u00dferhalb unseres Unternehmens weiterzugeben. Sie haben das Recht, auf die Sie betreffenden Daten zuzugreifen, sie zu \u00e4ndern, zu berichtigen und zu l\u00f6schen (Art. 34 des Gesetzes &#8222;Informatique et Libert\u00e9s&#8220;). Um dieses Recht auszu\u00fcben, senden Sie Ihre Anfrage an <a href=\"mailto:info@klur.net\">info@klur.net<\/a>.  \n\nAlle Streitigkeiten zwischen Vignoble Klur und dem Kunden in Bezug auf diese Allgemeinen Gesch\u00e4ftsbedingungen werden, sofern keine g\u00fctliche Einigung erzielt werden kann, von den Gerichten im Zust\u00e4ndigkeitsbereich des Berufungsgerichts Colmar entschieden.\n\nSARL KLUR Cl\u00e9ment\n105 rue des 3 Epis,\nF &#8211; 68230 KATZENTHAL\nTel. 0033 &#8211; (0)3 89 80 94 29\ninfo@klur.net\nRCS COLMAR 63011091766\nSIRET N\u00b041040553400018\nTVA: FR76410405534\n<h2>Online-Bestellung von Produkten<\/h2>\n<strong>Bestimmungsland: <\/strong>Die Lieferungen der im Online-Shop von Vignoble Klur pr\u00e4sentierten Angebote gelten f\u00fcr Frankreich und Deutschland und sind portofrei. Die Preise sind in \u20ac inklusive aller Steuern und Abgaben angegeben und enthalten die Mehrwertsteuer zum jeweils g\u00fcltigen Satz. F\u00fcr andere L\u00e4nder oder andere Mengen kontaktieren Sie uns bitte, wir werden Ihnen umgehend ein Angebot unterbreiten.  \n<strong>Auftragsannahme und Lieferung: <\/strong>Wir bearbeiten die Auftr\u00e4ge individuell innerhalb weniger Tage nach ihrer \u00dcbermittlung. Bei Produkten wird die Bestellung nach Zahlungseingang an den Spediteur \u00fcbergeben. Selbstverst\u00e4ndlich k\u00f6nnen Sie gegen eine zus\u00e4tzliche Geb\u00fchr eine Expresslieferung erhalten, wenn Sie uns dies zum Zeitpunkt der Bestellung mitteilen. Unsere Flaschen haben ein Fassungsverm\u00f6gen von 75 cl und werden in Kartons zu 6 oder 12 Flaschen und dann in Vielfachen von 6 Flaschen verpackt. Bitte ber\u00fccksichtigen Sie dies bei Ihrer Bestellung. Da das franz\u00f6sische Gesetz den Verkauf an Minderj\u00e4hrige unter 16 Jahren verbietet, verpflichten Sie sich mit Ihrer Bestellung, \u00fcber 16 Jahre alt zu sein.     \n<strong>Lieferung: <\/strong>Es ist hilfreich, wenn Sie uns bei der Bestellung angeben, an welchen Tagen und zu welchen Uhrzeiten Sie das Paket in Empfang nehmen m\u00f6chten. Die Vertretung des Pakets durch den Zusteller kann zus\u00e4tzliche Kosten verursachen, die von Ihnen zu tragen sind. Die Lieferzeit kann je nach Entfernung zwischen einigen Tagen und zwei Wochen variieren. Unsere Sendungen sind als &#8222;Versand&#8220; verpackt, aber es ist dennoch ratsam, die Pakete &#8222;unter Vorbehalt von Sch\u00e4den beim Auspacken&#8220; anzunehmen und uns innerhalb von 3 Tagen \u00fcber eventuelle Sch\u00e4den oder fehlende Pakete zu informieren. Da alle unsere Sendungen fest und in perfektem Zustand versendet werden, sind die Spediteure voll verantwortlich f\u00fcr Transportsch\u00e4den, aber Sie sollten sich zum Zeitpunkt des Empfangs dagegen sch\u00fctzen. <strong>Pers\u00f6nlicher Geschenkservice: <\/strong>Wir bieten Ihnen kostenlos die M\u00f6glichkeit, den Geschenkpaketen, die Sie versenden lassen, eine Nachricht beizuf\u00fcgen. Denken Sie einfach daran, uns mit Ihrer Bestellung eine kurze Nachricht zu schicken, die wir der Sendung beif\u00fcgen werden.     \n<strong>Ihr Widerrufsrecht: <\/strong>Gem\u00e4\u00df Artikel L.120-20 ff. des Verbraucherschutzgesetzes k\u00f6nnen Sie innerhalb von sieben (7) Tagen von Ihrem Widerrufsrecht Gebrauch machen, ohne Gr\u00fcnde angeben oder Strafen zahlen zu m\u00fcssen, mit Ausnahme der Kosten f\u00fcr die R\u00fccksendung. Die Frist von sieben Tagen beginnt mit dem Datum des Erhalts der Ware. Um Ihre Bestellung innerhalb der Widerrufsfrist von sieben Werktagen zu stornieren, senden Sie die Ware in ihrem Originalkarton an uns zur\u00fcck und benachrichtigen Sie uns per Post oder E-Mail (info@klur.net). Diese E-Mail-Adresse ist gegen Spam-Bots gesch\u00fctzt, Sie m\u00fcssen Javascript aktivieren, um sie sehen zu k\u00f6nnen) \u00fcber Ihre Entscheidung. Die R\u00fcckerstattung Ihrer Zahlung erfolgt so schnell wie m\u00f6glich nach Erhalt der in einwandfreiem Zustand zur\u00fcckgesandten Ware. Bei Fragen wenden Sie sich bitte an uns unter der Nummer 03 89 80 94 29.     \n<h2>Buchung von Aufenthalten<\/h2>\nMit der Annahme der Allgemeinen Gesch\u00e4ftsbedingungen stimmen die Parteien zu, dass es sich bei der hier beschriebenen Vermietung um eine saisonale Vermietung handelt, deren Dauer in dieser Form 21 Tage nicht \u00fcberschreiten darf und die sich an die festgelegten Daten halten muss (Ankunft 16.00 Uhr, Abreise 10.00 Uhr). Der Vermieter erkl\u00e4rt, dass er Eigent\u00fcmer des Mietobjekts ist und dass er w\u00e4hrend des hier festgelegten Mietzeitraums frei \u00fcber das Objekt verf\u00fcgen und es voll nutzen kann. \n<strong>Die Online-Buchung bezieht sich auf<\/strong>den gew\u00e4hlten Unterkunftstyp, dessen Beschreibung auf der Website zu finden ist, zu den vereinbarten Daten und Preisen. Die Unterkunft wird f\u00fcr eine bestimmte Anzahl von G\u00e4sten vermietet, die nicht \u00fcberschritten werden darf. Der Mieter ist zur Zahlung der vom Vermieter erhobenen Steuern verpflichtet, deren H\u00f6he sich ohne vorherige Ank\u00fcndigung \u00e4ndern kann. Die Unterkunft darf nicht untervermietet werden oder f\u00fcr eine andere Aktivit\u00e4t als die eines Feriendomizils bestimmt sein.   \n<strong>Der Mieter erkl\u00e4rt, dass<\/strong> er versichert ist und f\u00fcr alle Sch\u00e4den, die durch sein Verschulden an den bewohnten R\u00e4umlichkeiten entstehen, haftbar gemacht werden kann. Eine Kaution ist erforderlich, um Mietsch\u00e4den, alle Sch\u00e4den, Besch\u00e4digungen der Unterkunft sowie Sch\u00e4den, Verluste oder Diebst\u00e4hle an beweglichen G\u00fctern der Unterkunft w\u00e4hrend der Mietdauer zu decken. Der Mieter ist verantwortlich f\u00fcr die Nutzung des Internetzugangs, der ihm w\u00e4hrend der Mietzeit zur Verf\u00fcgung steht.  \n<strong>Die Buchung ist erst nach Eingang<\/strong> der Anzahlung innerhalb der angegebenen Frist und schriftlicher Best\u00e4tigung durch den Vermieter <strong>verbindlich<\/strong>. Alle Reservierungen m\u00fcssen durch die Angabe einer Kreditkartennummer garantiert werden. Die Anzahlung betr\u00e4gt 25% des Gesamtbetrages, die restlichen 75% sind 1 Monat vor dem Ankunftsdatum zu zahlen. Mit der Annahme der Allgemeinen Gesch\u00e4ftsbedingungen verpflichtet sich der Mieter zur rechtzeitigen Zahlung des gesamten Aufenthaltspreises. Bei einer Stornierung von mehr als 30 Tagen wird nur die Anzahlung einbehalten, es sei denn, Sie legen eine Bescheinigung vor, die belegt, dass Sie nicht in der Lage sind zu reisen. Bei einer Stornierung von weniger als 30 Tagen wird der gesamte Betrag einbehalten. Der Vermieter beh\u00e4lt sich das Recht vor, jede Buchung zum Zeitpunkt des Einzugs zu stornieren, wenn die Bedingungen des Aufenthalts nicht eingehalten werden, z.B. Nichtzahlung des Restbetrags, \u00dcberschreitung der Belegungszahl, nicht zugelassene Haustiere, unbekannte Mieter etc.      \n<strong>Der Mieter nutzt<\/strong> die R\u00e4umlichkeiten <strong>respektvoll<\/strong> und verpflichtet sich zur Einhaltung der Hausordnung, die ihm zur Verf\u00fcgung gestellt wird. Er wird die R\u00e4umlichkeiten in einem guten und sauberen Zustand halten und zur\u00fcckgeben. Er respektiert die Nachbarn und verpflichtet sich zu einer normalen und angemessenen Nutzung der Komfortmittel (insbesondere Wasser, Strom, Heizung) sowie der ihm zur Verf\u00fcgung gestellten Einrichtungen. Er verpflichtet sich, den Vermieter so schnell wie m\u00f6glich und sp\u00e4testens am Tag nach seiner Ankunft \u00fcber alle Pannen, Sch\u00e4den, Zwischenf\u00e4lle oder Funktionsst\u00f6rungen zu informieren, die seinen Aufenthalt beeintr\u00e4chtigen k\u00f6nnten. Der Vermieter verpflichtet sich, ein der Beschreibung entsprechendes und funktionelles Mietobjekt bereitzustellen und einzugreifen, wenn eine Nichtbenutzung gemeldet wird. Im Falle eines schwerwiegenden Versto\u00dfes, bei dem die Unterkunft nicht nutzbar ist oder die verursachten Sch\u00e4den zu gro\u00df sind, und bei fehlender Einigung wird der Vertrag per Einschreiben gek\u00fcndigt.     \n<strong>Im Falle eines Rechtsstreits<\/strong> ist das Gericht am Wohnsitz des Vermieters zust\u00e4ndig. Die vorliegenden Bedingungen und die eingegangenen vertraglichen Verpflichtungen unterliegen dem franz\u00f6sischen Recht. Der Vermieter erkl\u00e4rt, dass er seinen Verpflichtungen in Bezug auf die Datenerhebung nachgekommen ist, bei der CNIL registriert ist und \u00fcber eine Bankgarantie verf\u00fcgt, um Zahlungen per Kreditkarte zu sammeln und abzuwickeln. Die 7-t\u00e4gige Widerrufsfrist findet keine Anwendung.   \n<h2>Touristische Leistungen<\/h2>\n<strong>Die Anmeldung f\u00fcr eine Weinprobe, eine<\/strong> Besichtigung oder einen Workshop kann \u00fcber den Online-Shop gem\u00e4\u00df den oben genannten allgemeinen Modalit\u00e4ten erfolgen. Diese beh\u00e4lt sich das Recht vor, die Leistung zu stornieren, wenn die Identit\u00e4t des Kunden unklar ist, die Teilnehmerzahl nicht erreicht wurde oder die Bedingungen f\u00fcr den Ablauf unklar sind. \n<strong>Der Gesamtbetrag der Leistung<\/strong> ist bei der Buchung zu entrichten. Eine \u00c4nderung der Teilnehmerzahl oder eine Stornierung, bei der die gezahlten Betr\u00e4ge zur\u00fcckerstattet werden, ist bis 15 Tage vor dem gebuchten Termin m\u00f6glich. Danach h\u00e4ngt sie von der festgelegten Mindest- oder H\u00f6chstteilnehmerzahl und den Kosten ab, die f\u00fcr die Durchf\u00fchrung der Leistung entstanden sind. Jede \u00c4nderung muss vom Kunden schriftlich mitgeteilt werden und wird Gegenstand eines neuen Angebots seitens Vignoble Klur sein. Dasselbe gilt f\u00fcr ma\u00dfgeschneiderte Angebote    \n<strong>Le Vignoble Klur beh\u00e4lt sich<\/strong> das Recht <strong>vor<\/strong>, eine Leistung aufgrund von Wetterbedingungen oder Bedingungen, die au\u00dferhalb seines Einflussbereichs liegen, zu stornieren und kann nicht haftbar gemacht werden. Einige Leistungen erfordern eine aktive Teilnahme des Kunden, der sich damit einverstanden erkl\u00e4rt, wachsam zu sein und sich an die ihm erteilten Sicherheitsanweisungen zu halten. Le Vignoble Klur kann nicht f\u00fcr Zwischenf\u00e4lle oder Unf\u00e4lle w\u00e4hrend der Leistung haftbar gemacht werden.  \n<strong>Die<\/strong> angebotenen <strong>touristischen Leistungen<\/strong> sind Eigentum von Vignoble Klur und d\u00fcrfen nur mit ausdr\u00fccklicher Genehmigung von Vignoble Klur vervielf\u00e4ltigt, dargestellt und ver\u00f6ffentlicht werden.\t\t\t\t\t\t\t\t<\/div>\n\t\t\t\t\t<\/div>\n\t\t\t\t<\/div>\n\t\t\t\t<\/div>\n\t\t","protected":false},"excerpt":{"rendered":"<p>Allgemeine Gesch\u00e4ftsbedingungen Dieser Online-Shop ist der Shop von SARL LES VERDOYANTS \/ VIGNOBLE KLUR und umfasst Dienstleistungen, Weine und die Ferienh\u00e4user und -wohnungen, die von der Familie Klur verwaltet werden. Online-Zahlung: Die Sicherheit der Zahlungen wird durch die Verwendung des SSL-Sicherheitsprotokolls gew\u00e4hrleistet. Dieses System garantiert Ihnen die absolute Vertraulichkeit Ihrer pers\u00f6nlichen Daten, die Sie auf [&hellip;]<\/p>\n","protected":false},"author":1,"featured_media":0,"parent":0,"menu_order":0,"comment_status":"closed","ping_status":"closed","template":"","meta":{"footnotes":""},"class_list":["post-10009","page","type-page","status-publish","hentry","post-no-thumbnail"],"yoast_head":"<!-- This site is optimized with the Yoast SEO plugin v27.1.1 - https:\/\/yoast.com\/product\/yoast-seo-wordpress\/ -->\n<title>Allgemeine Verkaufsbedingungen - Klur<\/title>\n<meta name=\"robots\" content=\"index, follow, max-snippet:-1, max-image-preview:large, max-video-preview:-1\" \/>\n<link rel=\"canonical\" href=\"https:\/\/www.klur.net\/de\/allgemeine-verkaufsbedingungen\/\" \/>\n<meta property=\"og:locale\" content=\"de_DE\" \/>\n<meta property=\"og:type\" content=\"article\" \/>\n<meta property=\"og:title\" content=\"Allgemeine Verkaufsbedingungen - Klur\" \/>\n<meta property=\"og:description\" content=\"Allgemeine Gesch\u00e4ftsbedingungen Dieser Online-Shop ist der Shop von SARL LES VERDOYANTS \/ VIGNOBLE KLUR und umfasst Dienstleistungen, Weine und die Ferienh\u00e4user und -wohnungen, die von der Familie Klur verwaltet werden. Online-Zahlung: Die Sicherheit der Zahlungen wird durch die Verwendung des SSL-Sicherheitsprotokolls gew\u00e4hrleistet. Dieses System garantiert Ihnen die absolute Vertraulichkeit Ihrer pers\u00f6nlichen Daten, die Sie auf [&hellip;]\" \/>\n<meta property=\"og:url\" content=\"https:\/\/www.klur.net\/de\/allgemeine-verkaufsbedingungen\/\" \/>\n<meta property=\"og:site_name\" content=\"Klur\" \/>\n<meta property=\"article:publisher\" content=\"https:\/\/www.facebook.com\/vignoble.klur\" \/>\n<meta property=\"article:modified_time\" content=\"2026-02-25T00:33:45+00:00\" \/>\n<meta name=\"twitter:card\" content=\"summary_large_image\" \/>\n<meta name=\"twitter:label1\" content=\"Gesch\u00e4tzte Lesezeit\" \/>\n\t<meta name=\"twitter:data1\" content=\"8 Minuten\" \/>\n<script type=\"application\/ld+json\" class=\"yoast-schema-graph\">{\"@context\":\"https:\/\/schema.org\",\"@graph\":[{\"@type\":\"WebPage\",\"@id\":\"https:\/\/www.klur.net\/de\/allgemeine-verkaufsbedingungen\/\",\"url\":\"https:\/\/www.klur.net\/de\/allgemeine-verkaufsbedingungen\/\",\"name\":\"Allgemeine Verkaufsbedingungen - Klur\",\"isPartOf\":{\"@id\":\"https:\/\/www.klur.net\/de\/#website\"},\"datePublished\":\"2025-12-12T23:28:50+00:00\",\"dateModified\":\"2026-02-25T00:33:45+00:00\",\"breadcrumb\":{\"@id\":\"https:\/\/www.klur.net\/de\/allgemeine-verkaufsbedingungen\/#breadcrumb\"},\"inLanguage\":\"de\",\"potentialAction\":[{\"@type\":\"ReadAction\",\"target\":[\"https:\/\/www.klur.net\/de\/allgemeine-verkaufsbedingungen\/\"]}]},{\"@type\":\"BreadcrumbList\",\"@id\":\"https:\/\/www.klur.net\/de\/allgemeine-verkaufsbedingungen\/#breadcrumb\",\"itemListElement\":[{\"@type\":\"ListItem\",\"position\":1,\"name\":\"Accueil\",\"item\":\"https:\/\/www.klur.net\/de\/\"},{\"@type\":\"ListItem\",\"position\":2,\"name\":\"Allgemeine Verkaufsbedingungen\"}]},{\"@type\":\"WebSite\",\"@id\":\"https:\/\/www.klur.net\/de\/#website\",\"url\":\"https:\/\/www.klur.net\/de\/\",\"name\":\"Klur\",\"description\":\"R\u00e9sidence vigneronne\",\"publisher\":{\"@id\":\"https:\/\/www.klur.net\/de\/#organization\"},\"potentialAction\":[{\"@type\":\"SearchAction\",\"target\":{\"@type\":\"EntryPoint\",\"urlTemplate\":\"https:\/\/www.klur.net\/de\/?s={search_term_string}\"},\"query-input\":{\"@type\":\"PropertyValueSpecification\",\"valueRequired\":true,\"valueName\":\"search_term_string\"}}],\"inLanguage\":\"de\"},{\"@type\":\"Organization\",\"@id\":\"https:\/\/www.klur.net\/de\/#organization\",\"name\":\"Klur\",\"url\":\"https:\/\/www.klur.net\/de\/\",\"logo\":{\"@type\":\"ImageObject\",\"inLanguage\":\"de\",\"@id\":\"https:\/\/www.klur.net\/de\/#\/schema\/logo\/image\/\",\"url\":\"https:\/\/www.klur.net\/wp-content\/uploads\/2025\/12\/logo-2026-500px.png\",\"contentUrl\":\"https:\/\/www.klur.net\/wp-content\/uploads\/2025\/12\/logo-2026-500px.png\",\"width\":500,\"height\":269,\"caption\":\"Klur\"},\"image\":{\"@id\":\"https:\/\/www.klur.net\/de\/#\/schema\/logo\/image\/\"},\"sameAs\":[\"https:\/\/www.facebook.com\/vignoble.klur\",\"https:\/\/www.instagram.com\/vignobleklur\/\"]}]}<\/script>\n<!-- \/ Yoast SEO plugin. -->","yoast_head_json":{"title":"Allgemeine Verkaufsbedingungen - Klur","robots":{"index":"index","follow":"follow","max-snippet":"max-snippet:-1","max-image-preview":"max-image-preview:large","max-video-preview":"max-video-preview:-1"},"canonical":"https:\/\/www.klur.net\/de\/allgemeine-verkaufsbedingungen\/","og_locale":"de_DE","og_type":"article","og_title":"Allgemeine Verkaufsbedingungen - Klur","og_description":"Allgemeine Gesch\u00e4ftsbedingungen Dieser Online-Shop ist der Shop von SARL LES VERDOYANTS \/ VIGNOBLE KLUR und umfasst Dienstleistungen, Weine und die Ferienh\u00e4user und -wohnungen, die von der Familie Klur verwaltet werden. Online-Zahlung: Die Sicherheit der Zahlungen wird durch die Verwendung des SSL-Sicherheitsprotokolls gew\u00e4hrleistet. Dieses System garantiert Ihnen die absolute Vertraulichkeit Ihrer pers\u00f6nlichen Daten, die Sie auf [&hellip;]","og_url":"https:\/\/www.klur.net\/de\/allgemeine-verkaufsbedingungen\/","og_site_name":"Klur","article_publisher":"https:\/\/www.facebook.com\/vignoble.klur","article_modified_time":"2026-02-25T00:33:45+00:00","twitter_card":"summary_large_image","twitter_misc":{"Gesch\u00e4tzte Lesezeit":"8 Minuten"},"schema":{"@context":"https:\/\/schema.org","@graph":[{"@type":"WebPage","@id":"https:\/\/www.klur.net\/de\/allgemeine-verkaufsbedingungen\/","url":"https:\/\/www.klur.net\/de\/allgemeine-verkaufsbedingungen\/","name":"Allgemeine Verkaufsbedingungen - Klur","isPartOf":{"@id":"https:\/\/www.klur.net\/de\/#website"},"datePublished":"2025-12-12T23:28:50+00:00","dateModified":"2026-02-25T00:33:45+00:00","breadcrumb":{"@id":"https:\/\/www.klur.net\/de\/allgemeine-verkaufsbedingungen\/#breadcrumb"},"inLanguage":"de","potentialAction":[{"@type":"ReadAction","target":["https:\/\/www.klur.net\/de\/allgemeine-verkaufsbedingungen\/"]}]},{"@type":"BreadcrumbList","@id":"https:\/\/www.klur.net\/de\/allgemeine-verkaufsbedingungen\/#breadcrumb","itemListElement":[{"@type":"ListItem","position":1,"name":"Accueil","item":"https:\/\/www.klur.net\/de\/"},{"@type":"ListItem","position":2,"name":"Allgemeine Verkaufsbedingungen"}]},{"@type":"WebSite","@id":"https:\/\/www.klur.net\/de\/#website","url":"https:\/\/www.klur.net\/de\/","name":"Klur","description":"R\u00e9sidence vigneronne","publisher":{"@id":"https:\/\/www.klur.net\/de\/#organization"},"potentialAction":[{"@type":"SearchAction","target":{"@type":"EntryPoint","urlTemplate":"https:\/\/www.klur.net\/de\/?s={search_term_string}"},"query-input":{"@type":"PropertyValueSpecification","valueRequired":true,"valueName":"search_term_string"}}],"inLanguage":"de"},{"@type":"Organization","@id":"https:\/\/www.klur.net\/de\/#organization","name":"Klur","url":"https:\/\/www.klur.net\/de\/","logo":{"@type":"ImageObject","inLanguage":"de","@id":"https:\/\/www.klur.net\/de\/#\/schema\/logo\/image\/","url":"https:\/\/www.klur.net\/wp-content\/uploads\/2025\/12\/logo-2026-500px.png","contentUrl":"https:\/\/www.klur.net\/wp-content\/uploads\/2025\/12\/logo-2026-500px.png","width":500,"height":269,"caption":"Klur"},"image":{"@id":"https:\/\/www.klur.net\/de\/#\/schema\/logo\/image\/"},"sameAs":["https:\/\/www.facebook.com\/vignoble.klur","https:\/\/www.instagram.com\/vignobleklur\/"]}]}},"_links":{"self":[{"href":"https:\/\/www.klur.net\/de\/wp-json\/wp\/v2\/pages\/10009","targetHints":{"allow":["GET"]}}],"collection":[{"href":"https:\/\/www.klur.net\/de\/wp-json\/wp\/v2\/pages"}],"about":[{"href":"https:\/\/www.klur.net\/de\/wp-json\/wp\/v2\/types\/page"}],"author":[{"embeddable":true,"href":"https:\/\/www.klur.net\/de\/wp-json\/wp\/v2\/users\/1"}],"replies":[{"embeddable":true,"href":"https:\/\/www.klur.net\/de\/wp-json\/wp\/v2\/comments?post=10009"}],"version-history":[{"count":1,"href":"https:\/\/www.klur.net\/de\/wp-json\/wp\/v2\/pages\/10009\/revisions"}],"predecessor-version":[{"id":10010,"href":"https:\/\/www.klur.net\/de\/wp-json\/wp\/v2\/pages\/10009\/revisions\/10010"}],"wp:attachment":[{"href":"https:\/\/www.klur.net\/de\/wp-json\/wp\/v2\/media?parent=10009"}],"curies":[{"name":"wp","href":"https:\/\/api.w.org\/{rel}","templated":true}]}}