{"id":10005,"date":"2025-12-13T00:41:37","date_gmt":"2025-12-12T23:41:37","guid":{"rendered":"https:\/\/www.klur.net\/rechtliche-hinweise\/"},"modified":"2026-02-25T01:33:45","modified_gmt":"2026-02-25T00:33:45","slug":"rechtliche-hinweise","status":"publish","type":"page","link":"https:\/\/www.klur.net\/de\/rechtliche-hinweise\/","title":{"rendered":"Rechtliche Hinweise"},"content":{"rendered":"\t\t<div data-elementor-type=\"wp-page\" data-elementor-id=\"10005\" class=\"elementor elementor-10005 elementor-6166\" data-elementor-settings=\"{&quot;ha_cmc_init_switcher&quot;:&quot;no&quot;}\" data-elementor-post-type=\"page\">\n\t\t\t\t<div class=\"elementor-element elementor-element-296aaa6 e-flex e-con-boxed e-con e-parent\" data-id=\"296aaa6\" data-element_type=\"container\" data-e-type=\"container\" data-settings=\"{&quot;_ha_eqh_enable&quot;:false}\">\n\t\t\t\t\t<div class=\"e-con-inner\">\n\t\t\t\t<div class=\"elementor-element elementor-element-4ed6a1f elementor-widget elementor-widget-text-editor\" data-id=\"4ed6a1f\" data-element_type=\"widget\" data-e-type=\"widget\" data-widget_type=\"text-editor.default\">\n\t\t\t\t\t\t\t\t\t<h2>Artikel 1-Rechtliche Informationen \u00fcber den Herausgeber und den Host der Website<\/h2><p><strong>Herausgeber der Website :<\/strong><\/p><p>Vignoble KLUR<br>Gesellschaft mit beschr\u00e4nkter Haftung, eingetragen im RCS Colmar unter der Nummer TI D 410 405 534 n\u00b097D26 6430 Z<br>Sitz der Gesellschaft: 105 rue des Trois Epis 68230 Katzenthal<br>Telefon: [phone]0033 389809429<br>E-mail: <a href=\"mailto:info@klur.net\">info@klur.net<\/a><\/p><p><strong>Redaktionelle Verantwortung :<\/strong><\/p><p>Direktor der Ver\u00f6ffentlichung: Francine Klur<\/p><p><strong>Entwicklung der Website und technische Wartung :<\/strong><\/p><p>Verantwortlich f\u00fcr die Website: Francine Klur<\/p><p>Der Zugriff auf die Website www.klur.net und die Nutzung ihres Inhalts unterliegen den nachstehenden Bedingungen. Durch den Zugriff auf die Website und das Surfen auf der Website werden diese Bedingungen vorbehaltlos akzeptiert. <\/p><p>Die vorliegenden Nutzungsbedingungen k\u00f6nnen jederzeit ge\u00e4ndert werden. Sobald diese \u00c4nderungen online gestellt werden, gelten sie als vom Internetnutzer akzeptiert. <\/p><h2>Artikel 2-Geistiges Eigentum :<\/h2><p>Der gesamte auf der Website www.klur.net verf\u00fcgbare Inhalt ist durch das Gesetz \u00fcber geistiges Eigentum (Code de la Propri\u00e9t\u00e9 Intellectuelle) gesch\u00fctzt.<\/p><p>Le Vignoble Klur ist Inhaber der Urheberrechte an diesen Elementen und ist auch Inhaber der Rechte, die dem Hersteller von Datenbanken durch das Gesetz \u00fcber geistiges Eigentum gem\u00e4\u00df Artikel L 341-1 ff. des Gesetzbuches \u00fcber geistiges Eigentum zuerkannt werden.<\/p><p>Ohne die vorherige schriftliche Zustimmung von Vignoble Klur ist es untersagt, diese Elemente ganz oder teilweise zu reproduzieren, darzustellen, anzupassen, zu \u00fcbersetzen, zu verteilen, zu verbreiten oder auf eine andere Website zu \u00fcbertragen.<\/p><p>Als Ausnahme von der oben genannten Regel sind erlaubt:<\/p><ul><li>die Vervielf\u00e4ltigung, Darstellung und Ver\u00f6ffentlichung von Elementen der Website www.klur.net zur Illustration eines Presseartikels nach schriftlicher Genehmigung der Presse- oder Marketingabteilung<\/li><li>die Vervielf\u00e4ltigung, Darstellung und Ver\u00f6ffentlichung der vom Weingut Klur vorgeschlagenen Rezepte f\u00fcr einen ausschlie\u00dflich privaten oder nicht kommerziellen Gebrauch, unter dem Vorbehalt, dass die Urheberschaft der Informationen oder Fotos respektiert wird, indem auf dem Verbreitungsmedium deutlich sichtbar und lesbar die Erw\u00e4hnung <em>Vignoble Klur &#8211; Katzenthal<\/em> angegeben wird.<\/li><\/ul><p>Der Name Vignoble Klur und die Logos von Vignoble Klur, die angebotenen Aktivit\u00e4ten, die Weine des Weinguts sowie die Namen der Ferienunterk\u00fcnfte sind eingetragene Marken von Vignoble Klur. Ihre Nutzung bedarf der vorherigen schriftlichen Zustimmung von Vignoble Klur. <\/p><p>Die Einrichtung eines Hypertext-Links zu einer Seite der Website www.klur.net bedarf der vorherigen schriftlichen Genehmigung. In jedem Fall muss die Einrichtung eines solchen Hypertext-Links ausreichend klar sein und die Bezeichnung &#8220; <em>Vignoble Klur &#8211; Katzenthal<\/em> &#8220; und die Adresse der Internetseite www.klur.net voranstellen. <\/p><h2>Artikel 3 &#8211; Datenschutz und pers\u00f6nliche Daten :<\/h2><p>Die Informationen, die der Internetnutzer bei der Nutzung der Website angibt, werden elektronisch verarbeitet, um die Kundenbeziehung besser betreuen zu k\u00f6nnen. Le Vignoble Klur sorgt daf\u00fcr, dass diese Daten vertraulich behandelt werden. Sie werden nicht an eventuelle Gesch\u00e4ftspartner oder Dritte weitergegeben, es sei denn, der Internetnutzer hat vorher ausdr\u00fccklich seine Zustimmung gegeben.  <\/p><p>Die gesammelten Informationen k\u00f6nnen von Vignoble Klur verwendet werden, um dem Internetnutzer zu einem sp\u00e4teren Zeitpunkt kommerzielle Angebote zu unterbreiten und ihn \u00fcber Produkte, Dienstleistungen und Veranstaltungen des Weinguts auf dem Laufenden zu halten.<\/p><p>Gem\u00e4\u00df dem Gesetz &#8222;<em>Informatik und Freiheiten<\/em>&#8220; vom 6. Januar 1978, ge\u00e4ndert im Jahr 2004, hat der Internetnutzer das Recht auf Zugang und Berichtigung der ihn betreffenden Informationen, das er aus\u00fcben kann, indem er an Vignoble Klur 105 rue des Trois Epis F &#8211; 68230 Katzenthal schreibt. Der Internetnutzer kann auch aus legitimen Gr\u00fcnden die Verarbeitung der ihn betreffenden Daten \u00fcber den Bereich &#8222;Mein Konto&#8220; ablehnen. <\/p><p>Diese Website wurde in Frankreich bei der CNIL gem\u00e4\u00df dem Gesetz Nr. 78-17 vom 6. Januar 1978 \u00fcber Informatik, Dateien und Freiheitsrechte angemeldet (Anmeldung Nr. 1372618).<\/p><p class=\"bodytext\">Wie viele andere Unternehmen verwendet auch Vignoble Klur &#8222;Cookies&#8220; auf der Website, um die Kundenbeziehung besser verfolgen zu k\u00f6nnen. Ein Cookie ist eine Textdatei, die beim Besuch bestimmter Websites auf der Festplatte des Computers des Nutzers abgelegt wird. Dieses Cookie erm\u00f6glicht es Vignoble Klur nicht, den Internetnutzer zu registrieren; es registriert jedoch Informationen \u00fcber die Navigation des Computers des Internetnutzers auf der Website (die besuchten Seiten, das Datum und die Uhrzeit des Besuchs usw.), die bei sp\u00e4teren Besuchen des Internetnutzers gelesen werden k\u00f6nnen. Cookies k\u00f6nnen es dem Internetnutzer erm\u00f6glichen, seine Online-Nutzererfahrung zu optimieren, indem sie seine Pr\u00e4ferenzen beim Besuch einer bestimmten Website speichern. Diese Informationen werden 1 Jahr lang auf dem Computer des Internetnutzers gespeichert.    <\/p><p class=\"bodytext\">Der Internetnutzer kann die Speicherung von &#8222;Cookies&#8220; deaktivieren, indem er seinen Browser wie folgt konfiguriert:<\/p><h3>F\u00fcr Microsoft Internet Explorer :<\/h3><ol><li>W\u00e4hlen Sie das Men\u00fc &#8222;Extras&#8220; (oder &#8222;Tools&#8220;), dann &#8222;Internetoptionen&#8220; (oder &#8222;Internet Options&#8220;).<\/li><li>Klicken Sie auf die Registerkarte &#8222;Datenschutz&#8220; (oder &#8222;Confidentiality&#8220;).<\/li><li>W\u00e4hlen Sie mit dem Cursor die gew\u00fcnschte Stufe.<\/li><\/ol><h3>F\u00fcr Mozilla Firefox :<\/h3><ol><li>W\u00e4hlen Sie das Men\u00fc &#8222;Werkzeug&#8220; und dann &#8222;Optionen&#8220;.<\/li><li>Klicken Sie auf das Symbol &#8222;Privatsph\u00e4re&#8220;.<\/li><li>W\u00e4hlen Sie das Men\u00fc &#8222;Cookie&#8220; und w\u00e4hlen Sie die entsprechenden Optionen.<\/li><\/ol><h3>F\u00fcr Opera :<\/h3><ol><li>W\u00e4hlen Sie das Men\u00fc &#8222;Datei&#8220;&gt;&#8220;Einstellungen&#8220;.<\/li><li>Privatleben<\/li><\/ol><h2>Artikel 4 &#8211; Inhalt der Website :<\/h2><p>Le Vignoble Klur unternimmt alle Anstrengungen, um den Nutzern der Website qualitativ hochwertige Informationen anzubieten, die unter optimalen technischen Bedingungen zug\u00e4nglich sind.<\/p><p>Es wird jedoch darauf hingewiesen, dass die Informationen unverbindlich und informativ sind.<\/p><p>Trotz aller Sorgfalt beim Inhalt der Website kann Le Vignoble Klur nicht f\u00fcr die Richtigkeit, Vollst\u00e4ndigkeit oder Aktualit\u00e4t der auf der Website verbreiteten Informationen oder f\u00fcr die \u00dcbereinstimmung dieser Informationen mit dem Gebrauch, den der Internetnutzer davon machen m\u00f6chte, garantieren. Der Nutzer erkl\u00e4rt daher, dass er die Informationen auf eigene Verantwortung nutzt. <\/p><p>Die allgemeinen Gesch\u00e4ftsbedingungen sind in jedem auf dieser Website enthaltenen Online-Shop angegeben und vor jedem Kauf zug\u00e4nglich.<\/p><h2>Artikel 5 &#8211; Technischer Betrieb der Website :<\/h2><p>Die Website von Vignoble Klur ist normalerweise 24 Stunden am Tag und 7 Tage in der Woche zug\u00e4nglich.<\/p><p>Der Zugang zur gesamten oder zu Teilen der Website kann im Falle h\u00f6herer Gewalt, von EDV-Schwierigkeiten, Schwierigkeiten im Zusammenhang mit der Struktur der Telekommunikationsnetze oder technischen Schwierigkeiten oder aus Wartungsgr\u00fcnden ausgesetzt oder eingestellt werden, ohne dass der Vignoble Klur daf\u00fcr haftbar gemacht werden kann.<\/p><p>Die Website ist bei NEWEL INFORMATIQUE mit Sitz in 36 rue Paul Cezanne 68200 Mulhouse untergebracht.<\/p><h2>Artikel 6-Differenz :<\/h2><p>Der Inhalt der Website und ihre Nutzung durch den Internetnutzer unterliegen dem franz\u00f6sischen Recht.<\/p><p>Jede Beschwerde im Zusammenhang mit der Nutzung der Website www.klur.net muss schriftlich an Vignoble Klur 105 rue des Trois Epis F &#8211; 68230 Katzenthal f\u00fcr , per E-Mail info@klur.net oder per Telefon 0389809429 gerichtet werden. Die auf der Website www.klur.net gespeicherten Daten k\u00f6nnen als Beweis f\u00fcr die Kommunikation zwischen den Parteien, f\u00fcr die vom Internetnutzer get\u00e4tigten Bestellungen und f\u00fcr die zwischen dem Vignoble Klur und dem Internetnutzer get\u00e4tigten Transaktionen verwendet werden. Alle Streitigkeiten zwischen Le Vignoble Klur und dem Internetnutzer in Bezug auf die Nutzung der Website www.klur.net werden, sofern keine g\u00fctliche Einigung erzielt werden kann, von den Gerichten im Zust\u00e4ndigkeitsbereich des Berufungsgerichts von Colmar entschieden.  <\/p>\t\t\t\t\t\t\t\t<\/div>\n\t\t\t\t\t<\/div>\n\t\t\t\t<\/div>\n\t\t\t\t<\/div>\n\t\t","protected":false},"excerpt":{"rendered":"<p>Artikel 1-Rechtliche Informationen \u00fcber den Herausgeber und den Host der Website Herausgeber der Website : Vignoble KLURGesellschaft mit beschr\u00e4nkter Haftung, eingetragen im RCS Colmar unter der Nummer TI D 410 405 534 n\u00b097D26 6430 ZSitz der Gesellschaft: 105 rue des Trois Epis 68230 KatzenthalTelefon: [phone]0033 389809429E-mail: info@klur.net Redaktionelle Verantwortung : Direktor der Ver\u00f6ffentlichung: Francine Klur [&hellip;]<\/p>\n","protected":false},"author":1,"featured_media":0,"parent":0,"menu_order":0,"comment_status":"closed","ping_status":"closed","template":"","meta":{"footnotes":""},"class_list":["post-10005","page","type-page","status-publish","hentry","post-no-thumbnail"],"yoast_head":"<!-- This site is optimized with the Yoast SEO plugin v27.1.1 - https:\/\/yoast.com\/product\/yoast-seo-wordpress\/ -->\n<title>Rechtliche Hinweise - Klur<\/title>\n<meta name=\"robots\" content=\"index, follow, max-snippet:-1, max-image-preview:large, max-video-preview:-1\" \/>\n<link rel=\"canonical\" href=\"https:\/\/www.klur.net\/de\/rechtliche-hinweise\/\" \/>\n<meta property=\"og:locale\" content=\"de_DE\" \/>\n<meta property=\"og:type\" content=\"article\" \/>\n<meta property=\"og:title\" content=\"Rechtliche Hinweise - Klur\" \/>\n<meta property=\"og:description\" content=\"Artikel 1-Rechtliche Informationen \u00fcber den Herausgeber und den Host der Website Herausgeber der Website : Vignoble KLURGesellschaft mit beschr\u00e4nkter Haftung, eingetragen im RCS Colmar unter der Nummer TI D 410 405 534 n\u00b097D26 6430 ZSitz der Gesellschaft: 105 rue des Trois Epis 68230 KatzenthalTelefon: [phone]0033 389809429E-mail: info@klur.net Redaktionelle Verantwortung : Direktor der Ver\u00f6ffentlichung: Francine Klur [&hellip;]\" \/>\n<meta property=\"og:url\" content=\"https:\/\/www.klur.net\/de\/rechtliche-hinweise\/\" \/>\n<meta property=\"og:site_name\" content=\"Klur\" \/>\n<meta property=\"article:publisher\" content=\"https:\/\/www.facebook.com\/vignoble.klur\" \/>\n<meta property=\"article:modified_time\" content=\"2026-02-25T00:33:45+00:00\" \/>\n<meta name=\"twitter:card\" content=\"summary_large_image\" \/>\n<meta name=\"twitter:label1\" content=\"Gesch\u00e4tzte Lesezeit\" \/>\n\t<meta name=\"twitter:data1\" content=\"6 Minuten\" \/>\n<script type=\"application\/ld+json\" class=\"yoast-schema-graph\">{\"@context\":\"https:\/\/schema.org\",\"@graph\":[{\"@type\":\"WebPage\",\"@id\":\"https:\/\/www.klur.net\/de\/rechtliche-hinweise\/\",\"url\":\"https:\/\/www.klur.net\/de\/rechtliche-hinweise\/\",\"name\":\"Rechtliche Hinweise - Klur\",\"isPartOf\":{\"@id\":\"https:\/\/www.klur.net\/de\/#website\"},\"datePublished\":\"2025-12-12T23:41:37+00:00\",\"dateModified\":\"2026-02-25T00:33:45+00:00\",\"breadcrumb\":{\"@id\":\"https:\/\/www.klur.net\/de\/rechtliche-hinweise\/#breadcrumb\"},\"inLanguage\":\"de\",\"potentialAction\":[{\"@type\":\"ReadAction\",\"target\":[\"https:\/\/www.klur.net\/de\/rechtliche-hinweise\/\"]}]},{\"@type\":\"BreadcrumbList\",\"@id\":\"https:\/\/www.klur.net\/de\/rechtliche-hinweise\/#breadcrumb\",\"itemListElement\":[{\"@type\":\"ListItem\",\"position\":1,\"name\":\"Accueil\",\"item\":\"https:\/\/www.klur.net\/de\/\"},{\"@type\":\"ListItem\",\"position\":2,\"name\":\"Rechtliche Hinweise\"}]},{\"@type\":\"WebSite\",\"@id\":\"https:\/\/www.klur.net\/de\/#website\",\"url\":\"https:\/\/www.klur.net\/de\/\",\"name\":\"Klur\",\"description\":\"R\u00e9sidence vigneronne\",\"publisher\":{\"@id\":\"https:\/\/www.klur.net\/de\/#organization\"},\"potentialAction\":[{\"@type\":\"SearchAction\",\"target\":{\"@type\":\"EntryPoint\",\"urlTemplate\":\"https:\/\/www.klur.net\/de\/?s={search_term_string}\"},\"query-input\":{\"@type\":\"PropertyValueSpecification\",\"valueRequired\":true,\"valueName\":\"search_term_string\"}}],\"inLanguage\":\"de\"},{\"@type\":\"Organization\",\"@id\":\"https:\/\/www.klur.net\/de\/#organization\",\"name\":\"Klur\",\"url\":\"https:\/\/www.klur.net\/de\/\",\"logo\":{\"@type\":\"ImageObject\",\"inLanguage\":\"de\",\"@id\":\"https:\/\/www.klur.net\/de\/#\/schema\/logo\/image\/\",\"url\":\"https:\/\/www.klur.net\/wp-content\/uploads\/2025\/12\/logo-2026-500px.png\",\"contentUrl\":\"https:\/\/www.klur.net\/wp-content\/uploads\/2025\/12\/logo-2026-500px.png\",\"width\":500,\"height\":269,\"caption\":\"Klur\"},\"image\":{\"@id\":\"https:\/\/www.klur.net\/de\/#\/schema\/logo\/image\/\"},\"sameAs\":[\"https:\/\/www.facebook.com\/vignoble.klur\",\"https:\/\/www.instagram.com\/vignobleklur\/\"]}]}<\/script>\n<!-- \/ Yoast SEO plugin. -->","yoast_head_json":{"title":"Rechtliche Hinweise - Klur","robots":{"index":"index","follow":"follow","max-snippet":"max-snippet:-1","max-image-preview":"max-image-preview:large","max-video-preview":"max-video-preview:-1"},"canonical":"https:\/\/www.klur.net\/de\/rechtliche-hinweise\/","og_locale":"de_DE","og_type":"article","og_title":"Rechtliche Hinweise - Klur","og_description":"Artikel 1-Rechtliche Informationen \u00fcber den Herausgeber und den Host der Website Herausgeber der Website : Vignoble KLURGesellschaft mit beschr\u00e4nkter Haftung, eingetragen im RCS Colmar unter der Nummer TI D 410 405 534 n\u00b097D26 6430 ZSitz der Gesellschaft: 105 rue des Trois Epis 68230 KatzenthalTelefon: [phone]0033 389809429E-mail: info@klur.net Redaktionelle Verantwortung : Direktor der Ver\u00f6ffentlichung: Francine Klur [&hellip;]","og_url":"https:\/\/www.klur.net\/de\/rechtliche-hinweise\/","og_site_name":"Klur","article_publisher":"https:\/\/www.facebook.com\/vignoble.klur","article_modified_time":"2026-02-25T00:33:45+00:00","twitter_card":"summary_large_image","twitter_misc":{"Gesch\u00e4tzte Lesezeit":"6 Minuten"},"schema":{"@context":"https:\/\/schema.org","@graph":[{"@type":"WebPage","@id":"https:\/\/www.klur.net\/de\/rechtliche-hinweise\/","url":"https:\/\/www.klur.net\/de\/rechtliche-hinweise\/","name":"Rechtliche Hinweise - Klur","isPartOf":{"@id":"https:\/\/www.klur.net\/de\/#website"},"datePublished":"2025-12-12T23:41:37+00:00","dateModified":"2026-02-25T00:33:45+00:00","breadcrumb":{"@id":"https:\/\/www.klur.net\/de\/rechtliche-hinweise\/#breadcrumb"},"inLanguage":"de","potentialAction":[{"@type":"ReadAction","target":["https:\/\/www.klur.net\/de\/rechtliche-hinweise\/"]}]},{"@type":"BreadcrumbList","@id":"https:\/\/www.klur.net\/de\/rechtliche-hinweise\/#breadcrumb","itemListElement":[{"@type":"ListItem","position":1,"name":"Accueil","item":"https:\/\/www.klur.net\/de\/"},{"@type":"ListItem","position":2,"name":"Rechtliche Hinweise"}]},{"@type":"WebSite","@id":"https:\/\/www.klur.net\/de\/#website","url":"https:\/\/www.klur.net\/de\/","name":"Klur","description":"R\u00e9sidence vigneronne","publisher":{"@id":"https:\/\/www.klur.net\/de\/#organization"},"potentialAction":[{"@type":"SearchAction","target":{"@type":"EntryPoint","urlTemplate":"https:\/\/www.klur.net\/de\/?s={search_term_string}"},"query-input":{"@type":"PropertyValueSpecification","valueRequired":true,"valueName":"search_term_string"}}],"inLanguage":"de"},{"@type":"Organization","@id":"https:\/\/www.klur.net\/de\/#organization","name":"Klur","url":"https:\/\/www.klur.net\/de\/","logo":{"@type":"ImageObject","inLanguage":"de","@id":"https:\/\/www.klur.net\/de\/#\/schema\/logo\/image\/","url":"https:\/\/www.klur.net\/wp-content\/uploads\/2025\/12\/logo-2026-500px.png","contentUrl":"https:\/\/www.klur.net\/wp-content\/uploads\/2025\/12\/logo-2026-500px.png","width":500,"height":269,"caption":"Klur"},"image":{"@id":"https:\/\/www.klur.net\/de\/#\/schema\/logo\/image\/"},"sameAs":["https:\/\/www.facebook.com\/vignoble.klur","https:\/\/www.instagram.com\/vignobleklur\/"]}]}},"_links":{"self":[{"href":"https:\/\/www.klur.net\/de\/wp-json\/wp\/v2\/pages\/10005","targetHints":{"allow":["GET"]}}],"collection":[{"href":"https:\/\/www.klur.net\/de\/wp-json\/wp\/v2\/pages"}],"about":[{"href":"https:\/\/www.klur.net\/de\/wp-json\/wp\/v2\/types\/page"}],"author":[{"embeddable":true,"href":"https:\/\/www.klur.net\/de\/wp-json\/wp\/v2\/users\/1"}],"replies":[{"embeddable":true,"href":"https:\/\/www.klur.net\/de\/wp-json\/wp\/v2\/comments?post=10005"}],"version-history":[{"count":1,"href":"https:\/\/www.klur.net\/de\/wp-json\/wp\/v2\/pages\/10005\/revisions"}],"predecessor-version":[{"id":10006,"href":"https:\/\/www.klur.net\/de\/wp-json\/wp\/v2\/pages\/10005\/revisions\/10006"}],"wp:attachment":[{"href":"https:\/\/www.klur.net\/de\/wp-json\/wp\/v2\/media?parent=10005"}],"curies":[{"name":"wp","href":"https:\/\/api.w.org\/{rel}","templated":true}]}}